{"id":390,"date":"2023-11-22T08:45:16","date_gmt":"2023-11-22T11:45:16","guid":{"rendered":"https:\/\/grisstudios.cdl-sc.org.br\/?page_id=390"},"modified":"2024-05-03T13:35:08","modified_gmt":"2024-05-03T16:35:08","slug":"visao-missao-e-valores","status":"publish","type":"page","link":"https:\/\/grisstudios.cdl-sc.org.br\/?page_id=390","title":{"rendered":"Vis\u00e3o, miss\u00e3o e Valores"},"content":{"rendered":"\t\t<div data-elementor-type=\"wp-page\" data-elementor-id=\"390\" class=\"elementor elementor-390\" data-elementor-post-type=\"page\">\n\t\t\t\t<div class=\"elementor-element elementor-element-65de376 e-flex e-con-boxed e-con e-parent\" data-id=\"65de376\" data-element_type=\"container\" data-settings=\"{&quot;background_background&quot;:&quot;gradient&quot;}\">\n\t\t\t\t\t<div class=\"e-con-inner\">\n\t\t\t\t<div class=\"elementor-element elementor-element-249fc6f elementor-widget elementor-widget-heading\" data-id=\"249fc6f\" data-element_type=\"widget\" data-widget_type=\"heading.default\">\n\t\t\t\t<div class=\"elementor-widget-container\">\n\t\t\t<style>\/*! elementor - v3.23.0 - 05-08-2024 *\/\n.elementor-heading-title{padding:0;margin:0;line-height:1}.elementor-widget-heading .elementor-heading-title[class*=elementor-size-]>a{color:inherit;font-size:inherit;line-height:inherit}.elementor-widget-heading .elementor-heading-title.elementor-size-small{font-size:15px}.elementor-widget-heading .elementor-heading-title.elementor-size-medium{font-size:19px}.elementor-widget-heading .elementor-heading-title.elementor-size-large{font-size:29px}.elementor-widget-heading .elementor-heading-title.elementor-size-xl{font-size:39px}.elementor-widget-heading .elementor-heading-title.elementor-size-xxl{font-size:59px}<\/style><h2 class=\"elementor-heading-title elementor-size-default\">Miss\u00e3o, Vis\u00e3o e Valores<\/h2>\t\t<\/div>\n\t\t\t\t<\/div>\n\t\t\t\t\t<\/div>\n\t\t\t\t<\/div>\n\t\t<div class=\"elementor-element elementor-element-c35d3d8 e-con-full e-flex e-con e-parent\" data-id=\"c35d3d8\" data-element_type=\"container\" data-settings=\"{&quot;background_background&quot;:&quot;classic&quot;}\">\n\t\t\t\t<\/div>\n\t\t<div class=\"elementor-element elementor-element-eccaf8b e-con-full e-flex e-con e-parent\" data-id=\"eccaf8b\" data-element_type=\"container\">\n\t\t\t\t<div class=\"elementor-element elementor-element-5a4bb8b elementor-absolute e-transform elementor-hidden-mobile elementor-hidden-tablet elementor-widget elementor-widget-image\" data-id=\"5a4bb8b\" data-element_type=\"widget\" data-settings=\"{&quot;_position&quot;:&quot;absolute&quot;,&quot;_transform_rotateZ_effect&quot;:{&quot;unit&quot;:&quot;px&quot;,&quot;size&quot;:-24,&quot;sizes&quot;:[]},&quot;_transform_rotateZ_effect_tablet&quot;:{&quot;unit&quot;:&quot;deg&quot;,&quot;size&quot;:&quot;&quot;,&quot;sizes&quot;:[]},&quot;_transform_rotateZ_effect_mobile&quot;:{&quot;unit&quot;:&quot;deg&quot;,&quot;size&quot;:&quot;&quot;,&quot;sizes&quot;:[]}}\" data-widget_type=\"image.default\">\n\t\t\t\t<div class=\"elementor-widget-container\">\n\t\t\t<style>\/*! elementor - v3.23.0 - 05-08-2024 *\/\n.elementor-widget-image{text-align:center}.elementor-widget-image a{display:inline-block}.elementor-widget-image a img[src$=\".svg\"]{width:48px}.elementor-widget-image img{vertical-align:middle;display:inline-block}<\/style>\t\t\t\t\t\t\t\t\t\t<img fetchpriority=\"high\" decoding=\"async\" width=\"433\" height=\"1024\" src=\"https:\/\/grisstudios.cdl-sc.org.br\/wp-content\/uploads\/2023\/12\/Ativo-4@4x-1-433x1024.png\" class=\"attachment-large size-large wp-image-2852\" alt=\"\" srcset=\"https:\/\/grisstudios.cdl-sc.org.br\/wp-content\/uploads\/2023\/12\/Ativo-4@4x-1-433x1024.png 433w, https:\/\/grisstudios.cdl-sc.org.br\/wp-content\/uploads\/2023\/12\/Ativo-4@4x-1-127x300.png 127w, https:\/\/grisstudios.cdl-sc.org.br\/wp-content\/uploads\/2023\/12\/Ativo-4@4x-1-768x1815.png 768w, https:\/\/grisstudios.cdl-sc.org.br\/wp-content\/uploads\/2023\/12\/Ativo-4@4x-1-650x1536.png 650w, https:\/\/grisstudios.cdl-sc.org.br\/wp-content\/uploads\/2023\/12\/Ativo-4@4x-1-866x2048.png 866w, https:\/\/grisstudios.cdl-sc.org.br\/wp-content\/uploads\/2023\/12\/Ativo-4@4x-1.png 1705w\" sizes=\"(max-width: 433px) 100vw, 433px\" \/>\t\t\t\t\t\t\t\t\t\t\t\t\t<\/div>\n\t\t\t\t<\/div>\n\t\t\t\t<\/div>\n\t\t<div class=\"elementor-element elementor-element-f59e7ea e-flex e-con-boxed e-con e-parent\" data-id=\"f59e7ea\" data-element_type=\"container\">\n\t\t\t\t\t<div class=\"e-con-inner\">\n\t\t\t\t<div class=\"elementor-element elementor-element-981e7f7 elementor-widget__width-initial elementor-widget elementor-widget-heading\" data-id=\"981e7f7\" data-element_type=\"widget\" data-widget_type=\"heading.default\">\n\t\t\t\t<div class=\"elementor-widget-container\">\n\t\t\t<h2 class=\"elementor-heading-title elementor-size-default\">Neg\u00f3cio<\/h2>\t\t<\/div>\n\t\t\t\t<\/div>\n\t\t\t\t<div class=\"elementor-element elementor-element-d3d7496 elementor-widget__width-initial elementor-widget elementor-widget-text-editor\" data-id=\"d3d7496\" data-element_type=\"widget\" data-widget_type=\"text-editor.default\">\n\t\t\t\t<div class=\"elementor-widget-container\">\n\t\t\t<style>\/*! elementor - v3.23.0 - 05-08-2024 *\/\n.elementor-widget-text-editor.elementor-drop-cap-view-stacked .elementor-drop-cap{background-color:#69727d;color:#fff}.elementor-widget-text-editor.elementor-drop-cap-view-framed .elementor-drop-cap{color:#69727d;border:3px solid;background-color:transparent}.elementor-widget-text-editor:not(.elementor-drop-cap-view-default) .elementor-drop-cap{margin-top:8px}.elementor-widget-text-editor:not(.elementor-drop-cap-view-default) .elementor-drop-cap-letter{width:1em;height:1em}.elementor-widget-text-editor .elementor-drop-cap{float:left;text-align:center;line-height:1;font-size:50px}.elementor-widget-text-editor .elementor-drop-cap-letter{display:inline-block}<\/style>\t\t\t\t<p>Desenvolver solu\u00e7\u00f5es, produtos e servi\u00e7os aos associados.<\/p>\t\t\t\t\t\t<\/div>\n\t\t\t\t<\/div>\n\t\t\t\t\t<\/div>\n\t\t\t\t<\/div>\n\t\t<div class=\"elementor-element elementor-element-8883c10 e-flex e-con-boxed e-con e-parent\" data-id=\"8883c10\" data-element_type=\"container\">\n\t\t\t\t\t<div class=\"e-con-inner\">\n\t\t<div class=\"elementor-element elementor-element-d3975ab e-con-full e-flex e-con e-child\" data-id=\"d3975ab\" data-element_type=\"container\">\n\t\t<div class=\"elementor-element elementor-element-30d7799 e-flex e-con-boxed e-con e-child\" data-id=\"30d7799\" data-element_type=\"container\" data-settings=\"{&quot;background_background&quot;:&quot;classic&quot;}\">\n\t\t\t\t\t<div class=\"e-con-inner\">\n\t\t<div class=\"elementor-element elementor-element-6595710 e-con-full e-flex e-con e-child\" data-id=\"6595710\" data-element_type=\"container\">\n\t\t\t\t<div class=\"elementor-element elementor-element-265f7b7 elementor-widget__width-inherit elementor-widget elementor-widget-image\" data-id=\"265f7b7\" data-element_type=\"widget\" data-widget_type=\"image.default\">\n\t\t\t\t<div class=\"elementor-widget-container\">\n\t\t\t\t\t\t\t\t\t\t\t\t\t<img decoding=\"async\" width=\"515\" height=\"401\" src=\"https:\/\/grisstudios.cdl-sc.org.br\/wp-content\/uploads\/2023\/12\/Ativo-3@2x-100.jpg\" class=\"attachment-large size-large wp-image-2771\" alt=\"\" srcset=\"https:\/\/grisstudios.cdl-sc.org.br\/wp-content\/uploads\/2023\/12\/Ativo-3@2x-100.jpg 515w, https:\/\/grisstudios.cdl-sc.org.br\/wp-content\/uploads\/2023\/12\/Ativo-3@2x-100-300x234.jpg 300w\" sizes=\"(max-width: 515px) 100vw, 515px\" \/>\t\t\t\t\t\t\t\t\t\t\t\t\t<\/div>\n\t\t\t\t<\/div>\n\t\t\t\t<\/div>\n\t\t<div class=\"elementor-element elementor-element-0a666f3 e-flex e-con-boxed e-con e-child\" data-id=\"0a666f3\" data-element_type=\"container\">\n\t\t\t\t\t<div class=\"e-con-inner\">\n\t\t\t\t<div class=\"elementor-element elementor-element-2d3ee15 elementor-widget elementor-widget-heading\" data-id=\"2d3ee15\" data-element_type=\"widget\" data-widget_type=\"heading.default\">\n\t\t\t\t<div class=\"elementor-widget-container\">\n\t\t\t<h2 class=\"elementor-heading-title elementor-size-default\">Miss\u00e3o<\/h2>\t\t<\/div>\n\t\t\t\t<\/div>\n\t\t\t\t<div class=\"elementor-element elementor-element-3c2578c elementor-widget__width-initial elementor-widget elementor-widget-text-editor\" data-id=\"3c2578c\" data-element_type=\"widget\" data-widget_type=\"text-editor.default\">\n\t\t\t\t<div class=\"elementor-widget-container\">\n\t\t\t\t\t\t\t<p>Promover o associativismo, representatividade e qualifica\u00e7\u00e3o para a autossustentabilidade do Sistema.<\/p>\t\t\t\t\t\t<\/div>\n\t\t\t\t<\/div>\n\t\t\t\t\t<\/div>\n\t\t\t\t<\/div>\n\t\t\t\t\t<\/div>\n\t\t\t\t<\/div>\n\t\t<div class=\"elementor-element elementor-element-3500aa6 e-flex e-con-boxed e-con e-child\" data-id=\"3500aa6\" data-element_type=\"container\" data-settings=\"{&quot;background_background&quot;:&quot;classic&quot;}\">\n\t\t\t\t\t<div class=\"e-con-inner\">\n\t\t<div class=\"elementor-element elementor-element-0acdb79 e-con-full e-flex e-con e-child\" data-id=\"0acdb79\" data-element_type=\"container\">\n\t\t\t\t<div class=\"elementor-element elementor-element-2c2a335 elementor-widget__width-inherit elementor-widget elementor-widget-image\" data-id=\"2c2a335\" data-element_type=\"widget\" data-widget_type=\"image.default\">\n\t\t\t\t<div class=\"elementor-widget-container\">\n\t\t\t\t\t\t\t\t\t\t\t\t\t<img decoding=\"async\" width=\"514\" height=\"401\" src=\"https:\/\/grisstudios.cdl-sc.org.br\/wp-content\/uploads\/2023\/12\/Ativo-3@2x-100-1.jpg\" class=\"attachment-large size-large wp-image-2797\" alt=\"\" srcset=\"https:\/\/grisstudios.cdl-sc.org.br\/wp-content\/uploads\/2023\/12\/Ativo-3@2x-100-1.jpg 514w, https:\/\/grisstudios.cdl-sc.org.br\/wp-content\/uploads\/2023\/12\/Ativo-3@2x-100-1-300x234.jpg 300w\" sizes=\"(max-width: 514px) 100vw, 514px\" \/>\t\t\t\t\t\t\t\t\t\t\t\t\t<\/div>\n\t\t\t\t<\/div>\n\t\t\t\t<\/div>\n\t\t<div class=\"elementor-element elementor-element-608703e e-flex e-con-boxed e-con e-child\" data-id=\"608703e\" data-element_type=\"container\">\n\t\t\t\t\t<div class=\"e-con-inner\">\n\t\t\t\t<div class=\"elementor-element elementor-element-01136a8 elementor-widget elementor-widget-heading\" data-id=\"01136a8\" data-element_type=\"widget\" data-widget_type=\"heading.default\">\n\t\t\t\t<div class=\"elementor-widget-container\">\n\t\t\t<h2 class=\"elementor-heading-title elementor-size-default\">Vis\u00e3o<\/h2>\t\t<\/div>\n\t\t\t\t<\/div>\n\t\t\t\t<div class=\"elementor-element elementor-element-19d5307 elementor-widget__width-initial elementor-widget elementor-widget-text-editor\" data-id=\"19d5307\" data-element_type=\"widget\" data-widget_type=\"text-editor.default\">\n\t\t\t\t<div class=\"elementor-widget-container\">\n\t\t\t\t\t\t\t<p>Ser uma entidade de excel\u00eancia no desenvolvimento da autossustentabilidade do Sistema.<\/p>\t\t\t\t\t\t<\/div>\n\t\t\t\t<\/div>\n\t\t\t\t\t<\/div>\n\t\t\t\t<\/div>\n\t\t\t\t\t<\/div>\n\t\t\t\t<\/div>\n\t\t\t\t<\/div>\n\t\t<div class=\"elementor-element elementor-element-162bbde e-con-full e-flex e-con e-child\" data-id=\"162bbde\" data-element_type=\"container\" data-settings=\"{&quot;background_background&quot;:&quot;classic&quot;}\">\n\t\t\t\t<div class=\"elementor-element elementor-element-25c3180 elementor-widget__width-inherit elementor-widget elementor-widget-image\" data-id=\"25c3180\" data-element_type=\"widget\" data-widget_type=\"image.default\">\n\t\t\t\t<div class=\"elementor-widget-container\">\n\t\t\t\t\t\t\t\t\t\t\t\t\t<img loading=\"lazy\" decoding=\"async\" width=\"515\" height=\"402\" src=\"https:\/\/grisstudios.cdl-sc.org.br\/wp-content\/uploads\/2023\/12\/Ativo-6@2x-100.jpg\" class=\"attachment-large size-large wp-image-2810\" alt=\"\" srcset=\"https:\/\/grisstudios.cdl-sc.org.br\/wp-content\/uploads\/2023\/12\/Ativo-6@2x-100.jpg 515w, https:\/\/grisstudios.cdl-sc.org.br\/wp-content\/uploads\/2023\/12\/Ativo-6@2x-100-300x234.jpg 300w\" sizes=\"(max-width: 515px) 100vw, 515px\" \/>\t\t\t\t\t\t\t\t\t\t\t\t\t<\/div>\n\t\t\t\t<\/div>\n\t\t\t\t<div class=\"elementor-element elementor-element-7436008 elementor-widget elementor-widget-heading\" data-id=\"7436008\" data-element_type=\"widget\" data-widget_type=\"heading.default\">\n\t\t\t\t<div class=\"elementor-widget-container\">\n\t\t\t<h2 class=\"elementor-heading-title elementor-size-default\">Valores<\/h2>\t\t<\/div>\n\t\t\t\t<\/div>\n\t\t\t\t<div class=\"elementor-element elementor-element-812048d elementor-align-center elementor-widget__width-initial elementor-icon-list--layout-traditional elementor-list-item-link-full_width elementor-widget elementor-widget-icon-list\" data-id=\"812048d\" data-element_type=\"widget\" data-widget_type=\"icon-list.default\">\n\t\t\t\t<div class=\"elementor-widget-container\">\n\t\t\t<link rel=\"stylesheet\" href=\"https:\/\/grisstudios.cdl-sc.org.br\/wp-content\/plugins\/elementor\/assets\/css\/widget-icon-list.min.css\">\t\t<ul class=\"elementor-icon-list-items\">\n\t\t\t\t\t\t\t<li class=\"elementor-icon-list-item\">\n\t\t\t\t\t\t\t\t\t\t\t<span class=\"elementor-icon-list-icon\">\n\t\t\t\t\t\t\t<svg aria-hidden=\"true\" class=\"e-font-icon-svg e-fas-circle\" viewBox=\"0 0 512 512\" xmlns=\"http:\/\/www.w3.org\/2000\/svg\"><path d=\"M256 8C119 8 8 119 8 256s111 248 248 248 248-111 248-248S393 8 256 8z\"><\/path><\/svg>\t\t\t\t\t\t<\/span>\n\t\t\t\t\t\t\t\t\t\t<span class=\"elementor-icon-list-text\">Inova\u00e7\u00e3o<\/span>\n\t\t\t\t\t\t\t\t\t<\/li>\n\t\t\t\t\t\t\t\t<li class=\"elementor-icon-list-item\">\n\t\t\t\t\t\t\t\t\t\t\t<span class=\"elementor-icon-list-icon\">\n\t\t\t\t\t\t\t<svg aria-hidden=\"true\" class=\"e-font-icon-svg e-fas-circle\" viewBox=\"0 0 512 512\" xmlns=\"http:\/\/www.w3.org\/2000\/svg\"><path d=\"M256 8C119 8 8 119 8 256s111 248 248 248 248-111 248-248S393 8 256 8z\"><\/path><\/svg>\t\t\t\t\t\t<\/span>\n\t\t\t\t\t\t\t\t\t\t<span class=\"elementor-icon-list-text\">Relacionamento<\/span>\n\t\t\t\t\t\t\t\t\t<\/li>\n\t\t\t\t\t\t\t\t<li class=\"elementor-icon-list-item\">\n\t\t\t\t\t\t\t\t\t\t\t<span class=\"elementor-icon-list-icon\">\n\t\t\t\t\t\t\t<svg aria-hidden=\"true\" class=\"e-font-icon-svg e-fas-circle\" viewBox=\"0 0 512 512\" xmlns=\"http:\/\/www.w3.org\/2000\/svg\"><path d=\"M256 8C119 8 8 119 8 256s111 248 248 248 248-111 248-248S393 8 256 8z\"><\/path><\/svg>\t\t\t\t\t\t<\/span>\n\t\t\t\t\t\t\t\t\t\t<span class=\"elementor-icon-list-text\">Comprometimento<\/span>\n\t\t\t\t\t\t\t\t\t<\/li>\n\t\t\t\t\t\t\t\t<li class=\"elementor-icon-list-item\">\n\t\t\t\t\t\t\t\t\t\t\t<span class=\"elementor-icon-list-icon\">\n\t\t\t\t\t\t\t<svg aria-hidden=\"true\" class=\"e-font-icon-svg e-fas-circle\" viewBox=\"0 0 512 512\" xmlns=\"http:\/\/www.w3.org\/2000\/svg\"><path d=\"M256 8C119 8 8 119 8 256s111 248 248 248 248-111 248-248S393 8 256 8z\"><\/path><\/svg>\t\t\t\t\t\t<\/span>\n\t\t\t\t\t\t\t\t\t\t<span class=\"elementor-icon-list-text\">Harmonia<\/span>\n\t\t\t\t\t\t\t\t\t<\/li>\n\t\t\t\t\t\t\t\t<li class=\"elementor-icon-list-item\">\n\t\t\t\t\t\t\t\t\t\t\t<span class=\"elementor-icon-list-icon\">\n\t\t\t\t\t\t\t<svg aria-hidden=\"true\" class=\"e-font-icon-svg e-fas-circle\" viewBox=\"0 0 512 512\" xmlns=\"http:\/\/www.w3.org\/2000\/svg\"><path d=\"M256 8C119 8 8 119 8 256s111 248 248 248 248-111 248-248S393 8 256 8z\"><\/path><\/svg>\t\t\t\t\t\t<\/span>\n\t\t\t\t\t\t\t\t\t\t<span class=\"elementor-icon-list-text\">Confian\u00e7a<\/span>\n\t\t\t\t\t\t\t\t\t<\/li>\n\t\t\t\t\t\t<\/ul>\n\t\t\t\t<\/div>\n\t\t\t\t<\/div>\n\t\t\t\t<\/div>\n\t\t\t\t\t<\/div>\n\t\t\t\t<\/div>\n\t\t\t\t<\/div>\n\t\t","protected":false},"excerpt":{"rendered":"<p>Miss\u00e3o, Vis\u00e3o e Valores Neg\u00f3cio Desenvolver solu\u00e7\u00f5es, produtos e servi\u00e7os aos associados. Miss\u00e3o Promover o associativismo, representatividade e qualifica\u00e7\u00e3o para a autossustentabilidade do Sistema. Vis\u00e3o Ser uma entidade de excel\u00eancia no desenvolvimento da autossustentabilidade do Sistema. Valores Inova\u00e7\u00e3o Relacionamento Comprometimento Harmonia Confian\u00e7a<\/p>\n","protected":false},"author":6,"featured_media":0,"parent":0,"menu_order":0,"comment_status":"closed","ping_status":"closed","template":"elementor_header_footer","meta":{"_joinchat":[],"footnotes":""},"class_list":["post-390","page","type-page","status-publish","hentry"],"acf":[],"yoast_head":"<!-- This site is optimized with the Yoast SEO plugin v23.6 - https:\/\/yoast.com\/wordpress\/plugins\/seo\/ -->\n<title>Vis\u00e3o, miss\u00e3o e Valores - FCDL\/SC<\/title>\n<meta name=\"robots\" content=\"index, follow, max-snippet:-1, max-image-preview:large, max-video-preview:-1\" \/>\n<link rel=\"canonical\" href=\"https:\/\/grisstudios.cdl-sc.org.br\/?page_id=390\" \/>\n<meta property=\"og:locale\" content=\"pt_BR\" \/>\n<meta property=\"og:type\" content=\"article\" \/>\n<meta property=\"og:title\" content=\"Vis\u00e3o, miss\u00e3o e Valores - FCDL\/SC\" \/>\n<meta property=\"og:description\" content=\"Miss\u00e3o, Vis\u00e3o e Valores Neg\u00f3cio Desenvolver solu\u00e7\u00f5es, produtos e servi\u00e7os aos associados. Miss\u00e3o Promover o associativismo, representatividade e qualifica\u00e7\u00e3o para a autossustentabilidade do Sistema. Vis\u00e3o Ser uma entidade de excel\u00eancia no desenvolvimento da autossustentabilidade do Sistema. Valores Inova\u00e7\u00e3o Relacionamento Comprometimento Harmonia Confian\u00e7a\" \/>\n<meta property=\"og:url\" content=\"https:\/\/grisstudios.cdl-sc.org.br\/?page_id=390\" \/>\n<meta property=\"og:site_name\" content=\"FCDL\/SC\" \/>\n<meta property=\"article:modified_time\" content=\"2024-05-03T16:35:08+00:00\" \/>\n<meta property=\"og:image\" content=\"https:\/\/grisstudios.cdl-sc.org.br\/wp-content\/uploads\/2023\/12\/Ativo-4@4x-1-433x1024.png\" \/>\n<meta name=\"twitter:card\" content=\"summary_large_image\" \/>\n<script type=\"application\/ld+json\" class=\"yoast-schema-graph\">{\"@context\":\"https:\/\/schema.org\",\"@graph\":[{\"@type\":\"WebPage\",\"@id\":\"https:\/\/grisstudios.cdl-sc.org.br\/?page_id=390\",\"url\":\"https:\/\/grisstudios.cdl-sc.org.br\/?page_id=390\",\"name\":\"Vis\u00e3o, miss\u00e3o e Valores - FCDL\/SC\",\"isPartOf\":{\"@id\":\"https:\/\/grisstudios.cdl-sc.org.br\/#website\"},\"primaryImageOfPage\":{\"@id\":\"https:\/\/grisstudios.cdl-sc.org.br\/?page_id=390#primaryimage\"},\"image\":{\"@id\":\"https:\/\/grisstudios.cdl-sc.org.br\/?page_id=390#primaryimage\"},\"thumbnailUrl\":\"https:\/\/grisstudios.cdl-sc.org.br\/wp-content\/uploads\/2023\/12\/Ativo-4@4x-1-433x1024.png\",\"datePublished\":\"2023-11-22T11:45:16+00:00\",\"dateModified\":\"2024-05-03T16:35:08+00:00\",\"breadcrumb\":{\"@id\":\"https:\/\/grisstudios.cdl-sc.org.br\/?page_id=390#breadcrumb\"},\"inLanguage\":\"pt-BR\",\"potentialAction\":[{\"@type\":\"ReadAction\",\"target\":[\"https:\/\/grisstudios.cdl-sc.org.br\/?page_id=390\"]}]},{\"@type\":\"ImageObject\",\"inLanguage\":\"pt-BR\",\"@id\":\"https:\/\/grisstudios.cdl-sc.org.br\/?page_id=390#primaryimage\",\"url\":\"https:\/\/grisstudios.cdl-sc.org.br\/wp-content\/uploads\/2023\/12\/Ativo-4@4x-1.png\",\"contentUrl\":\"https:\/\/grisstudios.cdl-sc.org.br\/wp-content\/uploads\/2023\/12\/Ativo-4@4x-1.png\",\"width\":1705,\"height\":4030},{\"@type\":\"BreadcrumbList\",\"@id\":\"https:\/\/grisstudios.cdl-sc.org.br\/?page_id=390#breadcrumb\",\"itemListElement\":[{\"@type\":\"ListItem\",\"position\":1,\"name\":\"In\u00edcio\",\"item\":\"https:\/\/grisstudios.cdl-sc.org.br\/\"},{\"@type\":\"ListItem\",\"position\":2,\"name\":\"Vis\u00e3o, miss\u00e3o e Valores\"}]},{\"@type\":\"WebSite\",\"@id\":\"https:\/\/grisstudios.cdl-sc.org.br\/#website\",\"url\":\"https:\/\/grisstudios.cdl-sc.org.br\/\",\"name\":\"FCDL\/SC\",\"description\":\"\",\"publisher\":{\"@id\":\"https:\/\/grisstudios.cdl-sc.org.br\/#organization\"},\"potentialAction\":[{\"@type\":\"SearchAction\",\"target\":{\"@type\":\"EntryPoint\",\"urlTemplate\":\"https:\/\/grisstudios.cdl-sc.org.br\/?s={search_term_string}\"},\"query-input\":{\"@type\":\"PropertyValueSpecification\",\"valueRequired\":true,\"valueName\":\"search_term_string\"}}],\"inLanguage\":\"pt-BR\"},{\"@type\":\"Organization\",\"@id\":\"https:\/\/grisstudios.cdl-sc.org.br\/#organization\",\"name\":\"FCDL\/SC\",\"url\":\"https:\/\/grisstudios.cdl-sc.org.br\/\",\"logo\":{\"@type\":\"ImageObject\",\"inLanguage\":\"pt-BR\",\"@id\":\"https:\/\/grisstudios.cdl-sc.org.br\/#\/schema\/logo\/image\/\",\"url\":\"https:\/\/grisstudios.cdl-sc.org.br\/wp-content\/uploads\/2023\/11\/Ativo-4@4x.png\",\"contentUrl\":\"https:\/\/grisstudios.cdl-sc.org.br\/wp-content\/uploads\/2023\/11\/Ativo-4@4x.png\",\"width\":516,\"height\":137,\"caption\":\"FCDL\/SC\"},\"image\":{\"@id\":\"https:\/\/grisstudios.cdl-sc.org.br\/#\/schema\/logo\/image\/\"}}]}<\/script>\n<!-- \/ Yoast SEO plugin. -->","yoast_head_json":{"title":"Vis\u00e3o, miss\u00e3o e Valores - FCDL\/SC","robots":{"index":"index","follow":"follow","max-snippet":"max-snippet:-1","max-image-preview":"max-image-preview:large","max-video-preview":"max-video-preview:-1"},"canonical":"https:\/\/grisstudios.cdl-sc.org.br\/?page_id=390","og_locale":"pt_BR","og_type":"article","og_title":"Vis\u00e3o, miss\u00e3o e Valores - FCDL\/SC","og_description":"Miss\u00e3o, Vis\u00e3o e Valores Neg\u00f3cio Desenvolver solu\u00e7\u00f5es, produtos e servi\u00e7os aos associados. Miss\u00e3o Promover o associativismo, representatividade e qualifica\u00e7\u00e3o para a autossustentabilidade do Sistema. Vis\u00e3o Ser uma entidade de excel\u00eancia no desenvolvimento da autossustentabilidade do Sistema. Valores Inova\u00e7\u00e3o Relacionamento Comprometimento Harmonia Confian\u00e7a","og_url":"https:\/\/grisstudios.cdl-sc.org.br\/?page_id=390","og_site_name":"FCDL\/SC","article_modified_time":"2024-05-03T16:35:08+00:00","og_image":[{"url":"https:\/\/grisstudios.cdl-sc.org.br\/wp-content\/uploads\/2023\/12\/Ativo-4@4x-1-433x1024.png"}],"twitter_card":"summary_large_image","schema":{"@context":"https:\/\/schema.org","@graph":[{"@type":"WebPage","@id":"https:\/\/grisstudios.cdl-sc.org.br\/?page_id=390","url":"https:\/\/grisstudios.cdl-sc.org.br\/?page_id=390","name":"Vis\u00e3o, miss\u00e3o e Valores - FCDL\/SC","isPartOf":{"@id":"https:\/\/grisstudios.cdl-sc.org.br\/#website"},"primaryImageOfPage":{"@id":"https:\/\/grisstudios.cdl-sc.org.br\/?page_id=390#primaryimage"},"image":{"@id":"https:\/\/grisstudios.cdl-sc.org.br\/?page_id=390#primaryimage"},"thumbnailUrl":"https:\/\/grisstudios.cdl-sc.org.br\/wp-content\/uploads\/2023\/12\/Ativo-4@4x-1-433x1024.png","datePublished":"2023-11-22T11:45:16+00:00","dateModified":"2024-05-03T16:35:08+00:00","breadcrumb":{"@id":"https:\/\/grisstudios.cdl-sc.org.br\/?page_id=390#breadcrumb"},"inLanguage":"pt-BR","potentialAction":[{"@type":"ReadAction","target":["https:\/\/grisstudios.cdl-sc.org.br\/?page_id=390"]}]},{"@type":"ImageObject","inLanguage":"pt-BR","@id":"https:\/\/grisstudios.cdl-sc.org.br\/?page_id=390#primaryimage","url":"https:\/\/grisstudios.cdl-sc.org.br\/wp-content\/uploads\/2023\/12\/Ativo-4@4x-1.png","contentUrl":"https:\/\/grisstudios.cdl-sc.org.br\/wp-content\/uploads\/2023\/12\/Ativo-4@4x-1.png","width":1705,"height":4030},{"@type":"BreadcrumbList","@id":"https:\/\/grisstudios.cdl-sc.org.br\/?page_id=390#breadcrumb","itemListElement":[{"@type":"ListItem","position":1,"name":"In\u00edcio","item":"https:\/\/grisstudios.cdl-sc.org.br\/"},{"@type":"ListItem","position":2,"name":"Vis\u00e3o, miss\u00e3o e Valores"}]},{"@type":"WebSite","@id":"https:\/\/grisstudios.cdl-sc.org.br\/#website","url":"https:\/\/grisstudios.cdl-sc.org.br\/","name":"FCDL\/SC","description":"","publisher":{"@id":"https:\/\/grisstudios.cdl-sc.org.br\/#organization"},"potentialAction":[{"@type":"SearchAction","target":{"@type":"EntryPoint","urlTemplate":"https:\/\/grisstudios.cdl-sc.org.br\/?s={search_term_string}"},"query-input":{"@type":"PropertyValueSpecification","valueRequired":true,"valueName":"search_term_string"}}],"inLanguage":"pt-BR"},{"@type":"Organization","@id":"https:\/\/grisstudios.cdl-sc.org.br\/#organization","name":"FCDL\/SC","url":"https:\/\/grisstudios.cdl-sc.org.br\/","logo":{"@type":"ImageObject","inLanguage":"pt-BR","@id":"https:\/\/grisstudios.cdl-sc.org.br\/#\/schema\/logo\/image\/","url":"https:\/\/grisstudios.cdl-sc.org.br\/wp-content\/uploads\/2023\/11\/Ativo-4@4x.png","contentUrl":"https:\/\/grisstudios.cdl-sc.org.br\/wp-content\/uploads\/2023\/11\/Ativo-4@4x.png","width":516,"height":137,"caption":"FCDL\/SC"},"image":{"@id":"https:\/\/grisstudios.cdl-sc.org.br\/#\/schema\/logo\/image\/"}}]}},"_links":{"self":[{"href":"https:\/\/grisstudios.cdl-sc.org.br\/index.php?rest_route=\/wp\/v2\/pages\/390","targetHints":{"allow":["GET"]}}],"collection":[{"href":"https:\/\/grisstudios.cdl-sc.org.br\/index.php?rest_route=\/wp\/v2\/pages"}],"about":[{"href":"https:\/\/grisstudios.cdl-sc.org.br\/index.php?rest_route=\/wp\/v2\/types\/page"}],"author":[{"embeddable":true,"href":"https:\/\/grisstudios.cdl-sc.org.br\/index.php?rest_route=\/wp\/v2\/users\/6"}],"replies":[{"embeddable":true,"href":"https:\/\/grisstudios.cdl-sc.org.br\/index.php?rest_route=%2Fwp%2Fv2%2Fcomments&post=390"}],"version-history":[{"count":250,"href":"https:\/\/grisstudios.cdl-sc.org.br\/index.php?rest_route=\/wp\/v2\/pages\/390\/revisions"}],"predecessor-version":[{"id":152595,"href":"https:\/\/grisstudios.cdl-sc.org.br\/index.php?rest_route=\/wp\/v2\/pages\/390\/revisions\/152595"}],"wp:attachment":[{"href":"https:\/\/grisstudios.cdl-sc.org.br\/index.php?rest_route=%2Fwp%2Fv2%2Fmedia&parent=390"}],"curies":[{"name":"wp","href":"https:\/\/api.w.org\/{rel}","templated":true}]}}