{"id":393,"date":"2023-11-22T08:45:34","date_gmt":"2023-11-22T11:45:34","guid":{"rendered":"https:\/\/grisstudios.cdl-sc.org.br\/?page_id=393"},"modified":"2025-08-29T14:19:07","modified_gmt":"2025-08-29T17:19:07","slug":"mensagem-do-presidente","status":"publish","type":"page","link":"https:\/\/grisstudios.cdl-sc.org.br\/?page_id=393","title":{"rendered":"Mensagem do Presidente"},"content":{"rendered":"<h2>\u00a0<\/h2>\r\n<p><br \/><img fetchpriority=\"high\" decoding=\"async\" src=\"https:\/\/grisstudios.cdl-sc.org.br\/wp-content\/uploads\/2023\/12\/Ativo-44@2x.png\" alt=\"\" width=\"1386\" height=\"785\" \/><\/p>\r\n<p><strong>NO CAMINHO CERTO<\/strong><\/p>\r\n<p>Os resultados do Ranking de Competitividade para o ano de 2025 confirmam a percep\u00e7\u00e3o de Santa Catarina como um dos Estados mais pr\u00f3speros do Pa\u00eds e refor\u00e7am o acerto das pol\u00edticas p\u00fablicas implementadas em nosso territ\u00f3rio ao longo dos anos. O ranking, elaborado pelo Centro de Lideran\u00e7a P\u00fablica (CLP) e divulgados na \u00faltima quarta-feira (27), avalia 100 indicadores distribu\u00eddos em dez pilares tem\u00e1ticos, considerados fundamentais para a competitividade e a melhoria da gest\u00e3o p\u00fablica.<\/p>\r\n<p>No c\u00f4mputo geral, Santa Catarina ficou em 2\u00ba lugar pelo oitavo ano consecutivo, ficando atr\u00e1s apenas de S\u00e3o Paulo. Chama aten\u00e7\u00e3o, no entanto, que a diferen\u00e7a entre os dois Estados vem diminuindo: enquanto em 2021 a diferen\u00e7a de nota entre era de 4,2 pontos, no ranking deste ano a dist\u00e2ncia caiu para 1,3 ponto.<\/p>\r\n<p>J\u00e1 no recorte por pilares tem\u00e1ticos, Santa Catarina se sobressai em seguran\u00e7a p\u00fablica e capital humano (1\u00ba lugar em ambos), reafirmando o posto de Estado mais seguro e com forte voca\u00e7\u00e3o empreendedora. Ocupa, al\u00e9m disso, o 2\u00ba lugar em sustentabilidade ambiental, o 2\u00ba lugar em sustentabilidade social e o 3\u00ba lugar em potencial de mercado.<\/p>\r\n<p>Por outro lado, o 19\u00ba lugar que ocupa em termos de qualidade de rodovias evidencia que ainda h\u00e1 muito a ser feito para que nosso Estado possa prover uma malha capaz de atender satisfatoriamente a necessidade dos cidad\u00e3os de transitarem com seguran\u00e7a em nossas vias e dos setores produtivos de escoarem sua produ\u00e7\u00e3o com a devida efetividade.<\/p>\r\n<p>No ranking por Munic\u00edpios, por sua vez, Florian\u00f3polis, nossa Capital, tamb\u00e9m fez bonito, ocupando o 1\u00ba lugar geral e o 1\u00ba lugar nos indicadores de qualidade de vida, seguran\u00e7a e inova\u00e7\u00e3o e dinamismo econ\u00f4mico.<\/p>\r\n<p>Estamos, sem sombra de d\u00favidas, no caminho certo e a FCDL\/SC se orgulha em poder atuar como catalisador da resili\u00eancia dos setores produtivos catarinenses na promo\u00e7\u00e3o do desenvolvimento social e econ\u00f4mico que fazem de nosso Estado um farol de esperan\u00e7a em meio a tempos conturbados.<\/p>\r\n<p><strong>Onildo Dalbosco Junior<\/strong><br \/><strong>Presidente\u00a0da\u00a0FCDL\/SC<\/strong><\/p>\r\n<p>&nbsp;<\/p>\r\n<p>&nbsp;<\/p>\r\n<p><img decoding=\"async\" src=\"https:\/\/grisstudios.cdl-sc.org.br\/wp-content\/uploads\/2023\/12\/Ativo-1@2x.png\" alt=\"\" width=\"265\" height=\"227\" \/><br \/><a role=\"button\"><br \/>Contato<\/a><\/p>\r\n<ul>\r\n<li>Rua Almirante Alvim, 528 CEP 88015-380 &#8211; Centro Florian\u00f3polis\/SC<a href=\"contato@grisstudios.cdl-sc.org.br\"><br \/><br \/>contato@grisstudios.cdl-sc.org.br<\/a><\/li>\r\n<\/ul>\r\n\r\n<p>&nbsp;<\/p>\r\n","protected":false},"excerpt":{"rendered":"<p>\u00a0 NO CAMINHO CERTO Os resultados do Ranking de Competitividade para o ano de 2025 confirmam a percep\u00e7\u00e3o de Santa Catarina como um dos Estados mais pr\u00f3speros do Pa\u00eds e refor\u00e7am o acerto das pol\u00edticas p\u00fablicas implementadas em nosso territ\u00f3rio ao longo dos anos. O ranking, elaborado pelo Centro de Lideran\u00e7a P\u00fablica (CLP) e divulgados [&hellip;]<\/p>\n","protected":false},"author":6,"featured_media":0,"parent":0,"menu_order":0,"comment_status":"closed","ping_status":"closed","template":"","meta":{"_joinchat":[],"footnotes":""},"class_list":["post-393","page","type-page","status-publish","hentry"],"acf":[],"yoast_head":"<!-- This site is optimized with the Yoast SEO plugin v23.6 - https:\/\/yoast.com\/wordpress\/plugins\/seo\/ -->\n<title>Mensagem do Presidente - FCDL\/SC<\/title>\n<meta name=\"robots\" content=\"index, follow, max-snippet:-1, max-image-preview:large, max-video-preview:-1\" \/>\n<link rel=\"canonical\" href=\"https:\/\/grisstudios.cdl-sc.org.br\/?page_id=393\" \/>\n<meta property=\"og:locale\" content=\"pt_BR\" \/>\n<meta property=\"og:type\" content=\"article\" \/>\n<meta property=\"og:title\" content=\"Mensagem do Presidente - FCDL\/SC\" \/>\n<meta property=\"og:description\" content=\"\u00a0 NO CAMINHO CERTO Os resultados do Ranking de Competitividade para o ano de 2025 confirmam a percep\u00e7\u00e3o de Santa Catarina como um dos Estados mais pr\u00f3speros do Pa\u00eds e refor\u00e7am o acerto das pol\u00edticas p\u00fablicas implementadas em nosso territ\u00f3rio ao longo dos anos. O ranking, elaborado pelo Centro de Lideran\u00e7a P\u00fablica (CLP) e divulgados [&hellip;]\" \/>\n<meta property=\"og:url\" content=\"https:\/\/grisstudios.cdl-sc.org.br\/?page_id=393\" \/>\n<meta property=\"og:site_name\" content=\"FCDL\/SC\" \/>\n<meta property=\"article:modified_time\" content=\"2025-08-29T17:19:07+00:00\" \/>\n<meta property=\"og:image\" content=\"https:\/\/grisstudios.cdl-sc.org.br\/wp-content\/uploads\/2023\/12\/Ativo-44@2x.png\" \/>\n<meta name=\"twitter:card\" content=\"summary_large_image\" \/>\n<meta name=\"twitter:label1\" content=\"Est. tempo de leitura\" \/>\n\t<meta name=\"twitter:data1\" content=\"3 minutos\" \/>\n<script type=\"application\/ld+json\" class=\"yoast-schema-graph\">{\"@context\":\"https:\/\/schema.org\",\"@graph\":[{\"@type\":\"WebPage\",\"@id\":\"https:\/\/grisstudios.cdl-sc.org.br\/?page_id=393\",\"url\":\"https:\/\/grisstudios.cdl-sc.org.br\/?page_id=393\",\"name\":\"Mensagem do Presidente - FCDL\/SC\",\"isPartOf\":{\"@id\":\"https:\/\/grisstudios.cdl-sc.org.br\/#website\"},\"primaryImageOfPage\":{\"@id\":\"https:\/\/grisstudios.cdl-sc.org.br\/?page_id=393#primaryimage\"},\"image\":{\"@id\":\"https:\/\/grisstudios.cdl-sc.org.br\/?page_id=393#primaryimage\"},\"thumbnailUrl\":\"https:\/\/grisstudios.cdl-sc.org.br\/wp-content\/uploads\/2023\/12\/Ativo-44@2x.png\",\"datePublished\":\"2023-11-22T11:45:34+00:00\",\"dateModified\":\"2025-08-29T17:19:07+00:00\",\"breadcrumb\":{\"@id\":\"https:\/\/grisstudios.cdl-sc.org.br\/?page_id=393#breadcrumb\"},\"inLanguage\":\"pt-BR\",\"potentialAction\":[{\"@type\":\"ReadAction\",\"target\":[\"https:\/\/grisstudios.cdl-sc.org.br\/?page_id=393\"]}]},{\"@type\":\"ImageObject\",\"inLanguage\":\"pt-BR\",\"@id\":\"https:\/\/grisstudios.cdl-sc.org.br\/?page_id=393#primaryimage\",\"url\":\"https:\/\/grisstudios.cdl-sc.org.br\/wp-content\/uploads\/2023\/12\/Ativo-44@2x.png\",\"contentUrl\":\"https:\/\/grisstudios.cdl-sc.org.br\/wp-content\/uploads\/2023\/12\/Ativo-44@2x.png\",\"width\":1386,\"height\":785},{\"@type\":\"BreadcrumbList\",\"@id\":\"https:\/\/grisstudios.cdl-sc.org.br\/?page_id=393#breadcrumb\",\"itemListElement\":[{\"@type\":\"ListItem\",\"position\":1,\"name\":\"In\u00edcio\",\"item\":\"https:\/\/grisstudios.cdl-sc.org.br\/\"},{\"@type\":\"ListItem\",\"position\":2,\"name\":\"Mensagem do Presidente\"}]},{\"@type\":\"WebSite\",\"@id\":\"https:\/\/grisstudios.cdl-sc.org.br\/#website\",\"url\":\"https:\/\/grisstudios.cdl-sc.org.br\/\",\"name\":\"FCDL\/SC\",\"description\":\"\",\"publisher\":{\"@id\":\"https:\/\/grisstudios.cdl-sc.org.br\/#organization\"},\"potentialAction\":[{\"@type\":\"SearchAction\",\"target\":{\"@type\":\"EntryPoint\",\"urlTemplate\":\"https:\/\/grisstudios.cdl-sc.org.br\/?s={search_term_string}\"},\"query-input\":{\"@type\":\"PropertyValueSpecification\",\"valueRequired\":true,\"valueName\":\"search_term_string\"}}],\"inLanguage\":\"pt-BR\"},{\"@type\":\"Organization\",\"@id\":\"https:\/\/grisstudios.cdl-sc.org.br\/#organization\",\"name\":\"FCDL\/SC\",\"url\":\"https:\/\/grisstudios.cdl-sc.org.br\/\",\"logo\":{\"@type\":\"ImageObject\",\"inLanguage\":\"pt-BR\",\"@id\":\"https:\/\/grisstudios.cdl-sc.org.br\/#\/schema\/logo\/image\/\",\"url\":\"https:\/\/grisstudios.cdl-sc.org.br\/wp-content\/uploads\/2023\/11\/Ativo-4@4x.png\",\"contentUrl\":\"https:\/\/grisstudios.cdl-sc.org.br\/wp-content\/uploads\/2023\/11\/Ativo-4@4x.png\",\"width\":516,\"height\":137,\"caption\":\"FCDL\/SC\"},\"image\":{\"@id\":\"https:\/\/grisstudios.cdl-sc.org.br\/#\/schema\/logo\/image\/\"}}]}<\/script>\n<!-- \/ Yoast SEO plugin. -->","yoast_head_json":{"title":"Mensagem do Presidente - FCDL\/SC","robots":{"index":"index","follow":"follow","max-snippet":"max-snippet:-1","max-image-preview":"max-image-preview:large","max-video-preview":"max-video-preview:-1"},"canonical":"https:\/\/grisstudios.cdl-sc.org.br\/?page_id=393","og_locale":"pt_BR","og_type":"article","og_title":"Mensagem do Presidente - FCDL\/SC","og_description":"\u00a0 NO CAMINHO CERTO Os resultados do Ranking de Competitividade para o ano de 2025 confirmam a percep\u00e7\u00e3o de Santa Catarina como um dos Estados mais pr\u00f3speros do Pa\u00eds e refor\u00e7am o acerto das pol\u00edticas p\u00fablicas implementadas em nosso territ\u00f3rio ao longo dos anos. O ranking, elaborado pelo Centro de Lideran\u00e7a P\u00fablica (CLP) e divulgados [&hellip;]","og_url":"https:\/\/grisstudios.cdl-sc.org.br\/?page_id=393","og_site_name":"FCDL\/SC","article_modified_time":"2025-08-29T17:19:07+00:00","og_image":[{"url":"https:\/\/grisstudios.cdl-sc.org.br\/wp-content\/uploads\/2023\/12\/Ativo-44@2x.png"}],"twitter_card":"summary_large_image","twitter_misc":{"Est. tempo de leitura":"3 minutos"},"schema":{"@context":"https:\/\/schema.org","@graph":[{"@type":"WebPage","@id":"https:\/\/grisstudios.cdl-sc.org.br\/?page_id=393","url":"https:\/\/grisstudios.cdl-sc.org.br\/?page_id=393","name":"Mensagem do Presidente - FCDL\/SC","isPartOf":{"@id":"https:\/\/grisstudios.cdl-sc.org.br\/#website"},"primaryImageOfPage":{"@id":"https:\/\/grisstudios.cdl-sc.org.br\/?page_id=393#primaryimage"},"image":{"@id":"https:\/\/grisstudios.cdl-sc.org.br\/?page_id=393#primaryimage"},"thumbnailUrl":"https:\/\/grisstudios.cdl-sc.org.br\/wp-content\/uploads\/2023\/12\/Ativo-44@2x.png","datePublished":"2023-11-22T11:45:34+00:00","dateModified":"2025-08-29T17:19:07+00:00","breadcrumb":{"@id":"https:\/\/grisstudios.cdl-sc.org.br\/?page_id=393#breadcrumb"},"inLanguage":"pt-BR","potentialAction":[{"@type":"ReadAction","target":["https:\/\/grisstudios.cdl-sc.org.br\/?page_id=393"]}]},{"@type":"ImageObject","inLanguage":"pt-BR","@id":"https:\/\/grisstudios.cdl-sc.org.br\/?page_id=393#primaryimage","url":"https:\/\/grisstudios.cdl-sc.org.br\/wp-content\/uploads\/2023\/12\/Ativo-44@2x.png","contentUrl":"https:\/\/grisstudios.cdl-sc.org.br\/wp-content\/uploads\/2023\/12\/Ativo-44@2x.png","width":1386,"height":785},{"@type":"BreadcrumbList","@id":"https:\/\/grisstudios.cdl-sc.org.br\/?page_id=393#breadcrumb","itemListElement":[{"@type":"ListItem","position":1,"name":"In\u00edcio","item":"https:\/\/grisstudios.cdl-sc.org.br\/"},{"@type":"ListItem","position":2,"name":"Mensagem do Presidente"}]},{"@type":"WebSite","@id":"https:\/\/grisstudios.cdl-sc.org.br\/#website","url":"https:\/\/grisstudios.cdl-sc.org.br\/","name":"FCDL\/SC","description":"","publisher":{"@id":"https:\/\/grisstudios.cdl-sc.org.br\/#organization"},"potentialAction":[{"@type":"SearchAction","target":{"@type":"EntryPoint","urlTemplate":"https:\/\/grisstudios.cdl-sc.org.br\/?s={search_term_string}"},"query-input":{"@type":"PropertyValueSpecification","valueRequired":true,"valueName":"search_term_string"}}],"inLanguage":"pt-BR"},{"@type":"Organization","@id":"https:\/\/grisstudios.cdl-sc.org.br\/#organization","name":"FCDL\/SC","url":"https:\/\/grisstudios.cdl-sc.org.br\/","logo":{"@type":"ImageObject","inLanguage":"pt-BR","@id":"https:\/\/grisstudios.cdl-sc.org.br\/#\/schema\/logo\/image\/","url":"https:\/\/grisstudios.cdl-sc.org.br\/wp-content\/uploads\/2023\/11\/Ativo-4@4x.png","contentUrl":"https:\/\/grisstudios.cdl-sc.org.br\/wp-content\/uploads\/2023\/11\/Ativo-4@4x.png","width":516,"height":137,"caption":"FCDL\/SC"},"image":{"@id":"https:\/\/grisstudios.cdl-sc.org.br\/#\/schema\/logo\/image\/"}}]}},"_links":{"self":[{"href":"https:\/\/grisstudios.cdl-sc.org.br\/index.php?rest_route=\/wp\/v2\/pages\/393","targetHints":{"allow":["GET"]}}],"collection":[{"href":"https:\/\/grisstudios.cdl-sc.org.br\/index.php?rest_route=\/wp\/v2\/pages"}],"about":[{"href":"https:\/\/grisstudios.cdl-sc.org.br\/index.php?rest_route=\/wp\/v2\/types\/page"}],"author":[{"embeddable":true,"href":"https:\/\/grisstudios.cdl-sc.org.br\/index.php?rest_route=\/wp\/v2\/users\/6"}],"replies":[{"embeddable":true,"href":"https:\/\/grisstudios.cdl-sc.org.br\/index.php?rest_route=%2Fwp%2Fv2%2Fcomments&post=393"}],"version-history":[{"count":151,"href":"https:\/\/grisstudios.cdl-sc.org.br\/index.php?rest_route=\/wp\/v2\/pages\/393\/revisions"}],"predecessor-version":[{"id":156866,"href":"https:\/\/grisstudios.cdl-sc.org.br\/index.php?rest_route=\/wp\/v2\/pages\/393\/revisions\/156866"}],"wp:attachment":[{"href":"https:\/\/grisstudios.cdl-sc.org.br\/index.php?rest_route=%2Fwp%2Fv2%2Fmedia&parent=393"}],"curies":[{"name":"wp","href":"https:\/\/api.w.org\/{rel}","templated":true}]}}