{"id":411,"date":"2023-11-22T08:47:37","date_gmt":"2023-11-22T11:47:37","guid":{"rendered":"https:\/\/grisstudios.cdl-sc.org.br\/?page_id=411"},"modified":"2024-05-06T17:13:33","modified_gmt":"2024-05-06T20:13:33","slug":"fcdl-mulher","status":"publish","type":"page","link":"https:\/\/grisstudios.cdl-sc.org.br\/?page_id=411","title":{"rendered":"FCDL Mulher"},"content":{"rendered":"\t\t<div data-elementor-type=\"wp-page\" data-elementor-id=\"411\" class=\"elementor elementor-411\" data-elementor-post-type=\"page\">\n\t\t\t\t<div class=\"elementor-element elementor-element-5b46dbf e-flex e-con-boxed e-con e-parent\" data-id=\"5b46dbf\" data-element_type=\"container\" data-settings=\"{&quot;background_background&quot;:&quot;gradient&quot;}\">\n\t\t\t\t\t<div class=\"e-con-inner\">\n\t\t\t\t<div class=\"elementor-element elementor-element-c3d7b15 elementor-widget elementor-widget-heading\" data-id=\"c3d7b15\" data-element_type=\"widget\" data-widget_type=\"heading.default\">\n\t\t\t\t<div class=\"elementor-widget-container\">\n\t\t\t<style>\/*! elementor - v3.23.0 - 05-08-2024 *\/\n.elementor-heading-title{padding:0;margin:0;line-height:1}.elementor-widget-heading .elementor-heading-title[class*=elementor-size-]>a{color:inherit;font-size:inherit;line-height:inherit}.elementor-widget-heading .elementor-heading-title.elementor-size-small{font-size:15px}.elementor-widget-heading .elementor-heading-title.elementor-size-medium{font-size:19px}.elementor-widget-heading .elementor-heading-title.elementor-size-large{font-size:29px}.elementor-widget-heading .elementor-heading-title.elementor-size-xl{font-size:39px}.elementor-widget-heading .elementor-heading-title.elementor-size-xxl{font-size:59px}<\/style><h2 class=\"elementor-heading-title elementor-size-default\">FCDL Mulher<\/h2>\t\t<\/div>\n\t\t\t\t<\/div>\n\t\t\t\t\t<\/div>\n\t\t\t\t<\/div>\n\t\t<div class=\"elementor-element elementor-element-772a8be e-con-full e-flex e-con e-parent\" data-id=\"772a8be\" data-element_type=\"container\" data-settings=\"{&quot;background_background&quot;:&quot;classic&quot;}\">\n\t\t\t\t<\/div>\n\t\t<div class=\"elementor-element elementor-element-5a7bea6 e-con-full e-flex e-con e-parent\" data-id=\"5a7bea6\" data-element_type=\"container\">\n\t\t<div class=\"elementor-element elementor-element-933c564 e-con-full e-flex e-con e-child\" data-id=\"933c564\" data-element_type=\"container\">\n\t\t\t\t<div class=\"elementor-element elementor-element-29fb6ee elementor-widget__width-initial elementor-widget elementor-widget-heading\" data-id=\"29fb6ee\" data-element_type=\"widget\" data-widget_type=\"heading.default\">\n\t\t\t\t<div class=\"elementor-widget-container\">\n\t\t\t<h2 class=\"elementor-heading-title elementor-size-default\">Desde janeiro de 2023, a gest\u00e3o da FCDL\/SC tem como um dos objetivos mais importantes valorizar as mulheres que inspiram e que constroem o varejo catarinense. Uma grande a\u00e7\u00e3o que j\u00e1 acontece com sucesso \u00e9 o incentivo \u00e0 cria\u00e7\u00e3o das C\u00e2maras de Mulher nas CDLs. Um trabalho fundamental que tem como base o Manifesto \u201cMulheres que Constroem o Varejo\u201d, da Confedera\u00e7\u00e3o Nacional de Dirigentes Lojistas (CNDL). Hoje a FCDL\/SC conta com 72 mulheres presidentes de CDLs e uma expressiva participa\u00e7\u00e3o das mulheres nas Diretorias das CDLs, CDLs Jovem, C\u00e2maras Setoriais e empreendedoras associadas.<\/h2>\t\t<\/div>\n\t\t\t\t<\/div>\n\t\t\t\t<div class=\"elementor-element elementor-element-44e5cf0 elementor-widget__width-initial elementor-widget elementor-widget-heading\" data-id=\"44e5cf0\" data-element_type=\"widget\" data-widget_type=\"heading.default\">\n\t\t\t\t<div class=\"elementor-widget-container\">\n\t\t\t<h2 class=\"elementor-heading-title elementor-size-default\">Quer saber mais?<\/h2>\t\t<\/div>\n\t\t\t\t<\/div>\n\t\t\t\t<div class=\"elementor-element elementor-element-1c7f4d9 elementor-widget__width-initial elementor-align-justify elementor-widget elementor-widget-button\" data-id=\"1c7f4d9\" data-element_type=\"widget\" data-widget_type=\"button.default\">\n\t\t\t\t<div class=\"elementor-widget-container\">\n\t\t\t\t\t<div class=\"elementor-button-wrapper\">\n\t\t\t<a class=\"elementor-button elementor-button-link elementor-size-sm elementor-animation-grow\" href=\"https:\/\/grisstudios.cdl-sc.org.br\/wp-content\/uploads\/2023\/12\/1691601904612Manifesto20que20o20-20WEB.pdf\" target=\"_blank\">\n\t\t\t\t\t\t<span class=\"elementor-button-content-wrapper\">\n\t\t\t\t\t\t\t\t\t<span class=\"elementor-button-text\">Clique aqui e baixe o Manifesto<\/span>\n\t\t\t\t\t<\/span>\n\t\t\t\t\t<\/a>\n\t\t<\/div>\n\t\t\t\t<\/div>\n\t\t\t\t<\/div>\n\t\t\t\t<\/div>\n\t\t<div class=\"elementor-element elementor-element-4836d76 e-con-full e-flex e-con e-child\" data-id=\"4836d76\" data-element_type=\"container\">\n\t\t\t\t<div class=\"elementor-element elementor-element-3b9a63f elementor-widget elementor-widget-image\" data-id=\"3b9a63f\" data-element_type=\"widget\" data-widget_type=\"image.default\">\n\t\t\t\t<div class=\"elementor-widget-container\">\n\t\t\t<style>\/*! elementor - v3.23.0 - 05-08-2024 *\/\n.elementor-widget-image{text-align:center}.elementor-widget-image a{display:inline-block}.elementor-widget-image a img[src$=\".svg\"]{width:48px}.elementor-widget-image img{vertical-align:middle;display:inline-block}<\/style>\t\t\t\t\t\t\t\t\t\t<img fetchpriority=\"high\" decoding=\"async\" width=\"2500\" height=\"1667\" src=\"https:\/\/grisstudios.cdl-sc.org.br\/wp-content\/uploads\/2023\/12\/shutterstock_2190822417.jpg\" class=\"attachment-full size-full wp-image-6689\" alt=\"\" srcset=\"https:\/\/grisstudios.cdl-sc.org.br\/wp-content\/uploads\/2023\/12\/shutterstock_2190822417.jpg 2500w, https:\/\/grisstudios.cdl-sc.org.br\/wp-content\/uploads\/2023\/12\/shutterstock_2190822417-300x200.jpg 300w, https:\/\/grisstudios.cdl-sc.org.br\/wp-content\/uploads\/2023\/12\/shutterstock_2190822417-1024x683.jpg 1024w, https:\/\/grisstudios.cdl-sc.org.br\/wp-content\/uploads\/2023\/12\/shutterstock_2190822417-768x512.jpg 768w, https:\/\/grisstudios.cdl-sc.org.br\/wp-content\/uploads\/2023\/12\/shutterstock_2190822417-1536x1024.jpg 1536w, https:\/\/grisstudios.cdl-sc.org.br\/wp-content\/uploads\/2023\/12\/shutterstock_2190822417-2048x1366.jpg 2048w\" sizes=\"(max-width: 2500px) 100vw, 2500px\" \/>\t\t\t\t\t\t\t\t\t\t\t\t\t<\/div>\n\t\t\t\t<\/div>\n\t\t\t\t<div class=\"elementor-element elementor-element-7f4715c elementor-absolute elementor-hidden-tablet elementor-hidden-mobile elementor-widget elementor-widget-image\" data-id=\"7f4715c\" data-element_type=\"widget\" data-settings=\"{&quot;_position&quot;:&quot;absolute&quot;}\" data-widget_type=\"image.default\">\n\t\t\t\t<div class=\"elementor-widget-container\">\n\t\t\t\t\t\t\t\t\t\t\t\t\t<img decoding=\"async\" width=\"768\" height=\"1815\" src=\"https:\/\/grisstudios.cdl-sc.org.br\/wp-content\/uploads\/2023\/12\/Ativo-4@4x-1-768x1815.png\" class=\"attachment-medium_large size-medium_large wp-image-2852\" alt=\"\" srcset=\"https:\/\/grisstudios.cdl-sc.org.br\/wp-content\/uploads\/2023\/12\/Ativo-4@4x-1-768x1815.png 768w, https:\/\/grisstudios.cdl-sc.org.br\/wp-content\/uploads\/2023\/12\/Ativo-4@4x-1-127x300.png 127w, https:\/\/grisstudios.cdl-sc.org.br\/wp-content\/uploads\/2023\/12\/Ativo-4@4x-1-433x1024.png 433w, https:\/\/grisstudios.cdl-sc.org.br\/wp-content\/uploads\/2023\/12\/Ativo-4@4x-1-650x1536.png 650w, https:\/\/grisstudios.cdl-sc.org.br\/wp-content\/uploads\/2023\/12\/Ativo-4@4x-1-866x2048.png 866w, https:\/\/grisstudios.cdl-sc.org.br\/wp-content\/uploads\/2023\/12\/Ativo-4@4x-1.png 1705w\" sizes=\"(max-width: 768px) 100vw, 768px\" \/>\t\t\t\t\t\t\t\t\t\t\t\t\t<\/div>\n\t\t\t\t<\/div>\n\t\t\t\t<\/div>\n\t\t\t\t<\/div>\n\t\t\t\t<\/div>\n\t\t","protected":false},"excerpt":{"rendered":"<p>FCDL Mulher Desde janeiro de 2023, a gest\u00e3o da FCDL\/SC tem como um dos objetivos mais importantes valorizar as mulheres que inspiram e que constroem o varejo catarinense. Uma grande a\u00e7\u00e3o que j\u00e1 acontece com sucesso \u00e9 o incentivo \u00e0 cria\u00e7\u00e3o das C\u00e2maras de Mulher nas CDLs. Um trabalho fundamental que tem como base o [&hellip;]<\/p>\n","protected":false},"author":6,"featured_media":0,"parent":0,"menu_order":0,"comment_status":"closed","ping_status":"closed","template":"elementor_header_footer","meta":{"_joinchat":[],"footnotes":""},"class_list":["post-411","page","type-page","status-publish","hentry"],"acf":[],"yoast_head":"<!-- This site is optimized with the Yoast SEO plugin v23.6 - https:\/\/yoast.com\/wordpress\/plugins\/seo\/ -->\n<title>FCDL Mulher - FCDL\/SC<\/title>\n<meta name=\"robots\" content=\"index, follow, max-snippet:-1, max-image-preview:large, max-video-preview:-1\" \/>\n<link rel=\"canonical\" href=\"https:\/\/grisstudios.cdl-sc.org.br\/?page_id=411\" \/>\n<meta property=\"og:locale\" content=\"pt_BR\" \/>\n<meta property=\"og:type\" content=\"article\" \/>\n<meta property=\"og:title\" content=\"FCDL Mulher - FCDL\/SC\" \/>\n<meta property=\"og:description\" content=\"FCDL Mulher Desde janeiro de 2023, a gest\u00e3o da FCDL\/SC tem como um dos objetivos mais importantes valorizar as mulheres que inspiram e que constroem o varejo catarinense. Uma grande a\u00e7\u00e3o que j\u00e1 acontece com sucesso \u00e9 o incentivo \u00e0 cria\u00e7\u00e3o das C\u00e2maras de Mulher nas CDLs. Um trabalho fundamental que tem como base o [&hellip;]\" \/>\n<meta property=\"og:url\" content=\"https:\/\/grisstudios.cdl-sc.org.br\/?page_id=411\" \/>\n<meta property=\"og:site_name\" content=\"FCDL\/SC\" \/>\n<meta property=\"article:modified_time\" content=\"2024-05-06T20:13:33+00:00\" \/>\n<meta property=\"og:image\" content=\"https:\/\/grisstudios.cdl-sc.org.br\/wp-content\/uploads\/2023\/12\/shutterstock_2190822417.jpg\" \/>\n<meta name=\"twitter:card\" content=\"summary_large_image\" \/>\n<meta name=\"twitter:label1\" content=\"Est. tempo de leitura\" \/>\n\t<meta name=\"twitter:data1\" content=\"1 minuto\" \/>\n<script type=\"application\/ld+json\" class=\"yoast-schema-graph\">{\"@context\":\"https:\/\/schema.org\",\"@graph\":[{\"@type\":\"WebPage\",\"@id\":\"https:\/\/grisstudios.cdl-sc.org.br\/?page_id=411\",\"url\":\"https:\/\/grisstudios.cdl-sc.org.br\/?page_id=411\",\"name\":\"FCDL Mulher - FCDL\/SC\",\"isPartOf\":{\"@id\":\"https:\/\/grisstudios.cdl-sc.org.br\/#website\"},\"primaryImageOfPage\":{\"@id\":\"https:\/\/grisstudios.cdl-sc.org.br\/?page_id=411#primaryimage\"},\"image\":{\"@id\":\"https:\/\/grisstudios.cdl-sc.org.br\/?page_id=411#primaryimage\"},\"thumbnailUrl\":\"https:\/\/grisstudios.cdl-sc.org.br\/wp-content\/uploads\/2023\/12\/shutterstock_2190822417.jpg\",\"datePublished\":\"2023-11-22T11:47:37+00:00\",\"dateModified\":\"2024-05-06T20:13:33+00:00\",\"breadcrumb\":{\"@id\":\"https:\/\/grisstudios.cdl-sc.org.br\/?page_id=411#breadcrumb\"},\"inLanguage\":\"pt-BR\",\"potentialAction\":[{\"@type\":\"ReadAction\",\"target\":[\"https:\/\/grisstudios.cdl-sc.org.br\/?page_id=411\"]}]},{\"@type\":\"ImageObject\",\"inLanguage\":\"pt-BR\",\"@id\":\"https:\/\/grisstudios.cdl-sc.org.br\/?page_id=411#primaryimage\",\"url\":\"https:\/\/grisstudios.cdl-sc.org.br\/wp-content\/uploads\/2023\/12\/shutterstock_2190822417.jpg\",\"contentUrl\":\"https:\/\/grisstudios.cdl-sc.org.br\/wp-content\/uploads\/2023\/12\/shutterstock_2190822417.jpg\",\"width\":2500,\"height\":1667},{\"@type\":\"BreadcrumbList\",\"@id\":\"https:\/\/grisstudios.cdl-sc.org.br\/?page_id=411#breadcrumb\",\"itemListElement\":[{\"@type\":\"ListItem\",\"position\":1,\"name\":\"In\u00edcio\",\"item\":\"https:\/\/grisstudios.cdl-sc.org.br\/\"},{\"@type\":\"ListItem\",\"position\":2,\"name\":\"FCDL Mulher\"}]},{\"@type\":\"WebSite\",\"@id\":\"https:\/\/grisstudios.cdl-sc.org.br\/#website\",\"url\":\"https:\/\/grisstudios.cdl-sc.org.br\/\",\"name\":\"FCDL\/SC\",\"description\":\"\",\"publisher\":{\"@id\":\"https:\/\/grisstudios.cdl-sc.org.br\/#organization\"},\"potentialAction\":[{\"@type\":\"SearchAction\",\"target\":{\"@type\":\"EntryPoint\",\"urlTemplate\":\"https:\/\/grisstudios.cdl-sc.org.br\/?s={search_term_string}\"},\"query-input\":{\"@type\":\"PropertyValueSpecification\",\"valueRequired\":true,\"valueName\":\"search_term_string\"}}],\"inLanguage\":\"pt-BR\"},{\"@type\":\"Organization\",\"@id\":\"https:\/\/grisstudios.cdl-sc.org.br\/#organization\",\"name\":\"FCDL\/SC\",\"url\":\"https:\/\/grisstudios.cdl-sc.org.br\/\",\"logo\":{\"@type\":\"ImageObject\",\"inLanguage\":\"pt-BR\",\"@id\":\"https:\/\/grisstudios.cdl-sc.org.br\/#\/schema\/logo\/image\/\",\"url\":\"https:\/\/grisstudios.cdl-sc.org.br\/wp-content\/uploads\/2023\/11\/Ativo-4@4x.png\",\"contentUrl\":\"https:\/\/grisstudios.cdl-sc.org.br\/wp-content\/uploads\/2023\/11\/Ativo-4@4x.png\",\"width\":516,\"height\":137,\"caption\":\"FCDL\/SC\"},\"image\":{\"@id\":\"https:\/\/grisstudios.cdl-sc.org.br\/#\/schema\/logo\/image\/\"}}]}<\/script>\n<!-- \/ Yoast SEO plugin. -->","yoast_head_json":{"title":"FCDL Mulher - FCDL\/SC","robots":{"index":"index","follow":"follow","max-snippet":"max-snippet:-1","max-image-preview":"max-image-preview:large","max-video-preview":"max-video-preview:-1"},"canonical":"https:\/\/grisstudios.cdl-sc.org.br\/?page_id=411","og_locale":"pt_BR","og_type":"article","og_title":"FCDL Mulher - FCDL\/SC","og_description":"FCDL Mulher Desde janeiro de 2023, a gest\u00e3o da FCDL\/SC tem como um dos objetivos mais importantes valorizar as mulheres que inspiram e que constroem o varejo catarinense. Uma grande a\u00e7\u00e3o que j\u00e1 acontece com sucesso \u00e9 o incentivo \u00e0 cria\u00e7\u00e3o das C\u00e2maras de Mulher nas CDLs. Um trabalho fundamental que tem como base o [&hellip;]","og_url":"https:\/\/grisstudios.cdl-sc.org.br\/?page_id=411","og_site_name":"FCDL\/SC","article_modified_time":"2024-05-06T20:13:33+00:00","og_image":[{"url":"https:\/\/grisstudios.cdl-sc.org.br\/wp-content\/uploads\/2023\/12\/shutterstock_2190822417.jpg"}],"twitter_card":"summary_large_image","twitter_misc":{"Est. tempo de leitura":"1 minuto"},"schema":{"@context":"https:\/\/schema.org","@graph":[{"@type":"WebPage","@id":"https:\/\/grisstudios.cdl-sc.org.br\/?page_id=411","url":"https:\/\/grisstudios.cdl-sc.org.br\/?page_id=411","name":"FCDL Mulher - FCDL\/SC","isPartOf":{"@id":"https:\/\/grisstudios.cdl-sc.org.br\/#website"},"primaryImageOfPage":{"@id":"https:\/\/grisstudios.cdl-sc.org.br\/?page_id=411#primaryimage"},"image":{"@id":"https:\/\/grisstudios.cdl-sc.org.br\/?page_id=411#primaryimage"},"thumbnailUrl":"https:\/\/grisstudios.cdl-sc.org.br\/wp-content\/uploads\/2023\/12\/shutterstock_2190822417.jpg","datePublished":"2023-11-22T11:47:37+00:00","dateModified":"2024-05-06T20:13:33+00:00","breadcrumb":{"@id":"https:\/\/grisstudios.cdl-sc.org.br\/?page_id=411#breadcrumb"},"inLanguage":"pt-BR","potentialAction":[{"@type":"ReadAction","target":["https:\/\/grisstudios.cdl-sc.org.br\/?page_id=411"]}]},{"@type":"ImageObject","inLanguage":"pt-BR","@id":"https:\/\/grisstudios.cdl-sc.org.br\/?page_id=411#primaryimage","url":"https:\/\/grisstudios.cdl-sc.org.br\/wp-content\/uploads\/2023\/12\/shutterstock_2190822417.jpg","contentUrl":"https:\/\/grisstudios.cdl-sc.org.br\/wp-content\/uploads\/2023\/12\/shutterstock_2190822417.jpg","width":2500,"height":1667},{"@type":"BreadcrumbList","@id":"https:\/\/grisstudios.cdl-sc.org.br\/?page_id=411#breadcrumb","itemListElement":[{"@type":"ListItem","position":1,"name":"In\u00edcio","item":"https:\/\/grisstudios.cdl-sc.org.br\/"},{"@type":"ListItem","position":2,"name":"FCDL Mulher"}]},{"@type":"WebSite","@id":"https:\/\/grisstudios.cdl-sc.org.br\/#website","url":"https:\/\/grisstudios.cdl-sc.org.br\/","name":"FCDL\/SC","description":"","publisher":{"@id":"https:\/\/grisstudios.cdl-sc.org.br\/#organization"},"potentialAction":[{"@type":"SearchAction","target":{"@type":"EntryPoint","urlTemplate":"https:\/\/grisstudios.cdl-sc.org.br\/?s={search_term_string}"},"query-input":{"@type":"PropertyValueSpecification","valueRequired":true,"valueName":"search_term_string"}}],"inLanguage":"pt-BR"},{"@type":"Organization","@id":"https:\/\/grisstudios.cdl-sc.org.br\/#organization","name":"FCDL\/SC","url":"https:\/\/grisstudios.cdl-sc.org.br\/","logo":{"@type":"ImageObject","inLanguage":"pt-BR","@id":"https:\/\/grisstudios.cdl-sc.org.br\/#\/schema\/logo\/image\/","url":"https:\/\/grisstudios.cdl-sc.org.br\/wp-content\/uploads\/2023\/11\/Ativo-4@4x.png","contentUrl":"https:\/\/grisstudios.cdl-sc.org.br\/wp-content\/uploads\/2023\/11\/Ativo-4@4x.png","width":516,"height":137,"caption":"FCDL\/SC"},"image":{"@id":"https:\/\/grisstudios.cdl-sc.org.br\/#\/schema\/logo\/image\/"}}]}},"_links":{"self":[{"href":"https:\/\/grisstudios.cdl-sc.org.br\/index.php?rest_route=\/wp\/v2\/pages\/411","targetHints":{"allow":["GET"]}}],"collection":[{"href":"https:\/\/grisstudios.cdl-sc.org.br\/index.php?rest_route=\/wp\/v2\/pages"}],"about":[{"href":"https:\/\/grisstudios.cdl-sc.org.br\/index.php?rest_route=\/wp\/v2\/types\/page"}],"author":[{"embeddable":true,"href":"https:\/\/grisstudios.cdl-sc.org.br\/index.php?rest_route=\/wp\/v2\/users\/6"}],"replies":[{"embeddable":true,"href":"https:\/\/grisstudios.cdl-sc.org.br\/index.php?rest_route=%2Fwp%2Fv2%2Fcomments&post=411"}],"version-history":[{"count":208,"href":"https:\/\/grisstudios.cdl-sc.org.br\/index.php?rest_route=\/wp\/v2\/pages\/411\/revisions"}],"predecessor-version":[{"id":152877,"href":"https:\/\/grisstudios.cdl-sc.org.br\/index.php?rest_route=\/wp\/v2\/pages\/411\/revisions\/152877"}],"wp:attachment":[{"href":"https:\/\/grisstudios.cdl-sc.org.br\/index.php?rest_route=%2Fwp%2Fv2%2Fmedia&parent=411"}],"curies":[{"name":"wp","href":"https:\/\/api.w.org\/{rel}","templated":true}]}}