{"id":435,"date":"2023-11-22T08:55:18","date_gmt":"2023-11-22T11:55:18","guid":{"rendered":"https:\/\/grisstudios.cdl-sc.org.br\/?page_id=435"},"modified":"2025-07-11T14:55:59","modified_gmt":"2025-07-11T17:55:59","slug":"cdl-jovem","status":"publish","type":"page","link":"https:\/\/grisstudios.cdl-sc.org.br\/?page_id=435","title":{"rendered":"CDL Jovem"},"content":{"rendered":"\t\t<div data-elementor-type=\"wp-page\" data-elementor-id=\"435\" class=\"elementor elementor-435\" data-elementor-post-type=\"page\">\n\t\t\t\t<div class=\"elementor-element elementor-element-1edcc29 e-flex e-con-boxed e-con e-parent\" data-id=\"1edcc29\" data-element_type=\"container\" data-settings=\"{&quot;background_background&quot;:&quot;gradient&quot;}\">\n\t\t\t\t\t<div class=\"e-con-inner\">\n\t\t\t\t<div class=\"elementor-element elementor-element-1dd096e elementor-widget elementor-widget-heading\" data-id=\"1dd096e\" data-element_type=\"widget\" data-widget_type=\"heading.default\">\n\t\t\t\t<div class=\"elementor-widget-container\">\n\t\t\t<style>\/*! elementor - v3.23.0 - 05-08-2024 *\/\n.elementor-heading-title{padding:0;margin:0;line-height:1}.elementor-widget-heading .elementor-heading-title[class*=elementor-size-]>a{color:inherit;font-size:inherit;line-height:inherit}.elementor-widget-heading .elementor-heading-title.elementor-size-small{font-size:15px}.elementor-widget-heading .elementor-heading-title.elementor-size-medium{font-size:19px}.elementor-widget-heading .elementor-heading-title.elementor-size-large{font-size:29px}.elementor-widget-heading .elementor-heading-title.elementor-size-xl{font-size:39px}.elementor-widget-heading .elementor-heading-title.elementor-size-xxl{font-size:59px}<\/style><h2 class=\"elementor-heading-title elementor-size-default\">CDL Jovem<\/h2>\t\t<\/div>\n\t\t\t\t<\/div>\n\t\t\t\t\t<\/div>\n\t\t\t\t<\/div>\n\t\t<div class=\"elementor-element elementor-element-344ee17 e-con-full e-flex e-con e-parent\" data-id=\"344ee17\" data-element_type=\"container\" data-settings=\"{&quot;background_background&quot;:&quot;classic&quot;}\">\n\t\t\t\t<\/div>\n\t\t<div class=\"elementor-element elementor-element-1c30352 e-con-full e-flex e-con e-parent\" data-id=\"1c30352\" data-element_type=\"container\">\n\t\t<div class=\"elementor-element elementor-element-caac250 e-con-full e-flex e-con e-child\" data-id=\"caac250\" data-element_type=\"container\">\n\t\t\t\t<div class=\"elementor-element elementor-element-015160c elementor-widget__width-initial elementor-widget elementor-widget-heading\" data-id=\"015160c\" data-element_type=\"widget\" data-widget_type=\"heading.default\">\n\t\t\t\t<div class=\"elementor-widget-container\">\n\t\t\t<h2 class=\"elementor-heading-title elementor-size-default\">O perfil da CDL Jovem \u00e9 inovador. S\u00e3o 31 CDLs Jovem em Santa Catarina sob a Coordena\u00e7\u00e3o Estadual da FCDL\/SC. O objetivo \u00e9 desenvolver futuros l\u00edderes, difundindo o associativismo que move o Movimento Lojista.\n\nEntre as principais iniciativas das CDLs Jovem est\u00e3o o DLI \u2013 Dia Livre de Impostos, programa que alerta a sociedade para a alta carga tribut\u00e1ria incidente sobre o produto, palestras e encontros para a troca de experi\u00eancias.<\/h2>\t\t<\/div>\n\t\t\t\t<\/div>\n\t\t\t\t<\/div>\n\t\t<div class=\"elementor-element elementor-element-e15ee3f e-con-full e-flex e-con e-child\" data-id=\"e15ee3f\" data-element_type=\"container\">\n\t\t\t\t<div class=\"elementor-element elementor-element-a8370ea elementor-widget elementor-widget-image\" data-id=\"a8370ea\" data-element_type=\"widget\" data-widget_type=\"image.default\">\n\t\t\t\t<div class=\"elementor-widget-container\">\n\t\t\t<style>\/*! elementor - v3.23.0 - 05-08-2024 *\/\n.elementor-widget-image{text-align:center}.elementor-widget-image a{display:inline-block}.elementor-widget-image a img[src$=\".svg\"]{width:48px}.elementor-widget-image img{vertical-align:middle;display:inline-block}<\/style>\t\t\t\t\t\t\t\t\t\t<img fetchpriority=\"high\" decoding=\"async\" width=\"2000\" height=\"1334\" src=\"https:\/\/grisstudios.cdl-sc.org.br\/wp-content\/uploads\/2024\/05\/shutterstock_2199431761-1.jpg\" class=\"attachment-full size-full wp-image-152358\" alt=\"\" srcset=\"https:\/\/grisstudios.cdl-sc.org.br\/wp-content\/uploads\/2024\/05\/shutterstock_2199431761-1.jpg 2000w, https:\/\/grisstudios.cdl-sc.org.br\/wp-content\/uploads\/2024\/05\/shutterstock_2199431761-1-300x200.jpg 300w, https:\/\/grisstudios.cdl-sc.org.br\/wp-content\/uploads\/2024\/05\/shutterstock_2199431761-1-1024x683.jpg 1024w, https:\/\/grisstudios.cdl-sc.org.br\/wp-content\/uploads\/2024\/05\/shutterstock_2199431761-1-768x512.jpg 768w, https:\/\/grisstudios.cdl-sc.org.br\/wp-content\/uploads\/2024\/05\/shutterstock_2199431761-1-1536x1025.jpg 1536w\" sizes=\"(max-width: 2000px) 100vw, 2000px\" \/>\t\t\t\t\t\t\t\t\t\t\t\t\t<\/div>\n\t\t\t\t<\/div>\n\t\t\t\t<div class=\"elementor-element elementor-element-207e30b elementor-absolute elementor-widget elementor-widget-image\" data-id=\"207e30b\" data-element_type=\"widget\" data-settings=\"{&quot;_position&quot;:&quot;absolute&quot;}\" data-widget_type=\"image.default\">\n\t\t\t\t<div class=\"elementor-widget-container\">\n\t\t\t\t\t\t\t\t\t\t\t\t\t<img decoding=\"async\" width=\"433\" height=\"1024\" src=\"https:\/\/grisstudios.cdl-sc.org.br\/wp-content\/uploads\/2023\/12\/Ativo-4@4x-1-433x1024.png\" class=\"attachment-large size-large wp-image-2852\" alt=\"\" srcset=\"https:\/\/grisstudios.cdl-sc.org.br\/wp-content\/uploads\/2023\/12\/Ativo-4@4x-1-433x1024.png 433w, https:\/\/grisstudios.cdl-sc.org.br\/wp-content\/uploads\/2023\/12\/Ativo-4@4x-1-127x300.png 127w, https:\/\/grisstudios.cdl-sc.org.br\/wp-content\/uploads\/2023\/12\/Ativo-4@4x-1-768x1815.png 768w, https:\/\/grisstudios.cdl-sc.org.br\/wp-content\/uploads\/2023\/12\/Ativo-4@4x-1-650x1536.png 650w, https:\/\/grisstudios.cdl-sc.org.br\/wp-content\/uploads\/2023\/12\/Ativo-4@4x-1-866x2048.png 866w, https:\/\/grisstudios.cdl-sc.org.br\/wp-content\/uploads\/2023\/12\/Ativo-4@4x-1.png 1705w\" sizes=\"(max-width: 433px) 100vw, 433px\" \/>\t\t\t\t\t\t\t\t\t\t\t\t\t<\/div>\n\t\t\t\t<\/div>\n\t\t\t\t<\/div>\n\t\t\t\t<\/div>\n\t\t\t\t<\/div>\n\t\t","protected":false},"excerpt":{"rendered":"<p>CDL Jovem O perfil da CDL Jovem \u00e9 inovador. S\u00e3o 31 CDLs Jovem em Santa Catarina sob a Coordena\u00e7\u00e3o Estadual da FCDL\/SC. O objetivo \u00e9 desenvolver futuros l\u00edderes, difundindo o associativismo que move o Movimento Lojista. Entre as principais iniciativas das CDLs Jovem est\u00e3o o DLI \u2013 Dia Livre de Impostos, programa que alerta a [&hellip;]<\/p>\n","protected":false},"author":6,"featured_media":0,"parent":0,"menu_order":0,"comment_status":"closed","ping_status":"closed","template":"elementor_header_footer","meta":{"_joinchat":[],"footnotes":""},"class_list":["post-435","page","type-page","status-publish","hentry"],"acf":[],"yoast_head":"<!-- This site is optimized with the Yoast SEO plugin v23.6 - https:\/\/yoast.com\/wordpress\/plugins\/seo\/ -->\n<title>CDL Jovem - FCDL\/SC<\/title>\n<meta name=\"robots\" content=\"index, follow, max-snippet:-1, max-image-preview:large, max-video-preview:-1\" \/>\n<link rel=\"canonical\" href=\"https:\/\/grisstudios.cdl-sc.org.br\/?page_id=435\" \/>\n<meta property=\"og:locale\" content=\"pt_BR\" \/>\n<meta property=\"og:type\" content=\"article\" \/>\n<meta property=\"og:title\" content=\"CDL Jovem - FCDL\/SC\" \/>\n<meta property=\"og:description\" content=\"CDL Jovem O perfil da CDL Jovem \u00e9 inovador. S\u00e3o 31 CDLs Jovem em Santa Catarina sob a Coordena\u00e7\u00e3o Estadual da FCDL\/SC. O objetivo \u00e9 desenvolver futuros l\u00edderes, difundindo o associativismo que move o Movimento Lojista. Entre as principais iniciativas das CDLs Jovem est\u00e3o o DLI \u2013 Dia Livre de Impostos, programa que alerta a [&hellip;]\" \/>\n<meta property=\"og:url\" content=\"https:\/\/grisstudios.cdl-sc.org.br\/?page_id=435\" \/>\n<meta property=\"og:site_name\" content=\"FCDL\/SC\" \/>\n<meta property=\"article:modified_time\" content=\"2025-07-11T17:55:59+00:00\" \/>\n<meta property=\"og:image\" content=\"https:\/\/grisstudios.cdl-sc.org.br\/wp-content\/uploads\/2024\/05\/shutterstock_2199431761-1.jpg\" \/>\n<meta name=\"twitter:card\" content=\"summary_large_image\" \/>\n<meta name=\"twitter:label1\" content=\"Est. tempo de leitura\" \/>\n\t<meta name=\"twitter:data1\" content=\"1 minuto\" \/>\n<script type=\"application\/ld+json\" class=\"yoast-schema-graph\">{\"@context\":\"https:\/\/schema.org\",\"@graph\":[{\"@type\":\"WebPage\",\"@id\":\"https:\/\/grisstudios.cdl-sc.org.br\/?page_id=435\",\"url\":\"https:\/\/grisstudios.cdl-sc.org.br\/?page_id=435\",\"name\":\"CDL Jovem - FCDL\/SC\",\"isPartOf\":{\"@id\":\"https:\/\/grisstudios.cdl-sc.org.br\/#website\"},\"primaryImageOfPage\":{\"@id\":\"https:\/\/grisstudios.cdl-sc.org.br\/?page_id=435#primaryimage\"},\"image\":{\"@id\":\"https:\/\/grisstudios.cdl-sc.org.br\/?page_id=435#primaryimage\"},\"thumbnailUrl\":\"https:\/\/grisstudios.cdl-sc.org.br\/wp-content\/uploads\/2024\/05\/shutterstock_2199431761-1.jpg\",\"datePublished\":\"2023-11-22T11:55:18+00:00\",\"dateModified\":\"2025-07-11T17:55:59+00:00\",\"breadcrumb\":{\"@id\":\"https:\/\/grisstudios.cdl-sc.org.br\/?page_id=435#breadcrumb\"},\"inLanguage\":\"pt-BR\",\"potentialAction\":[{\"@type\":\"ReadAction\",\"target\":[\"https:\/\/grisstudios.cdl-sc.org.br\/?page_id=435\"]}]},{\"@type\":\"ImageObject\",\"inLanguage\":\"pt-BR\",\"@id\":\"https:\/\/grisstudios.cdl-sc.org.br\/?page_id=435#primaryimage\",\"url\":\"https:\/\/grisstudios.cdl-sc.org.br\/wp-content\/uploads\/2024\/05\/shutterstock_2199431761-1.jpg\",\"contentUrl\":\"https:\/\/grisstudios.cdl-sc.org.br\/wp-content\/uploads\/2024\/05\/shutterstock_2199431761-1.jpg\",\"width\":2000,\"height\":1334},{\"@type\":\"BreadcrumbList\",\"@id\":\"https:\/\/grisstudios.cdl-sc.org.br\/?page_id=435#breadcrumb\",\"itemListElement\":[{\"@type\":\"ListItem\",\"position\":1,\"name\":\"In\u00edcio\",\"item\":\"https:\/\/grisstudios.cdl-sc.org.br\/\"},{\"@type\":\"ListItem\",\"position\":2,\"name\":\"CDL Jovem\"}]},{\"@type\":\"WebSite\",\"@id\":\"https:\/\/grisstudios.cdl-sc.org.br\/#website\",\"url\":\"https:\/\/grisstudios.cdl-sc.org.br\/\",\"name\":\"FCDL\/SC\",\"description\":\"\",\"publisher\":{\"@id\":\"https:\/\/grisstudios.cdl-sc.org.br\/#organization\"},\"potentialAction\":[{\"@type\":\"SearchAction\",\"target\":{\"@type\":\"EntryPoint\",\"urlTemplate\":\"https:\/\/grisstudios.cdl-sc.org.br\/?s={search_term_string}\"},\"query-input\":{\"@type\":\"PropertyValueSpecification\",\"valueRequired\":true,\"valueName\":\"search_term_string\"}}],\"inLanguage\":\"pt-BR\"},{\"@type\":\"Organization\",\"@id\":\"https:\/\/grisstudios.cdl-sc.org.br\/#organization\",\"name\":\"FCDL\/SC\",\"url\":\"https:\/\/grisstudios.cdl-sc.org.br\/\",\"logo\":{\"@type\":\"ImageObject\",\"inLanguage\":\"pt-BR\",\"@id\":\"https:\/\/grisstudios.cdl-sc.org.br\/#\/schema\/logo\/image\/\",\"url\":\"https:\/\/grisstudios.cdl-sc.org.br\/wp-content\/uploads\/2023\/11\/Ativo-4@4x.png\",\"contentUrl\":\"https:\/\/grisstudios.cdl-sc.org.br\/wp-content\/uploads\/2023\/11\/Ativo-4@4x.png\",\"width\":516,\"height\":137,\"caption\":\"FCDL\/SC\"},\"image\":{\"@id\":\"https:\/\/grisstudios.cdl-sc.org.br\/#\/schema\/logo\/image\/\"}}]}<\/script>\n<!-- \/ Yoast SEO plugin. -->","yoast_head_json":{"title":"CDL Jovem - FCDL\/SC","robots":{"index":"index","follow":"follow","max-snippet":"max-snippet:-1","max-image-preview":"max-image-preview:large","max-video-preview":"max-video-preview:-1"},"canonical":"https:\/\/grisstudios.cdl-sc.org.br\/?page_id=435","og_locale":"pt_BR","og_type":"article","og_title":"CDL Jovem - FCDL\/SC","og_description":"CDL Jovem O perfil da CDL Jovem \u00e9 inovador. S\u00e3o 31 CDLs Jovem em Santa Catarina sob a Coordena\u00e7\u00e3o Estadual da FCDL\/SC. O objetivo \u00e9 desenvolver futuros l\u00edderes, difundindo o associativismo que move o Movimento Lojista. Entre as principais iniciativas das CDLs Jovem est\u00e3o o DLI \u2013 Dia Livre de Impostos, programa que alerta a [&hellip;]","og_url":"https:\/\/grisstudios.cdl-sc.org.br\/?page_id=435","og_site_name":"FCDL\/SC","article_modified_time":"2025-07-11T17:55:59+00:00","og_image":[{"url":"https:\/\/grisstudios.cdl-sc.org.br\/wp-content\/uploads\/2024\/05\/shutterstock_2199431761-1.jpg"}],"twitter_card":"summary_large_image","twitter_misc":{"Est. tempo de leitura":"1 minuto"},"schema":{"@context":"https:\/\/schema.org","@graph":[{"@type":"WebPage","@id":"https:\/\/grisstudios.cdl-sc.org.br\/?page_id=435","url":"https:\/\/grisstudios.cdl-sc.org.br\/?page_id=435","name":"CDL Jovem - FCDL\/SC","isPartOf":{"@id":"https:\/\/grisstudios.cdl-sc.org.br\/#website"},"primaryImageOfPage":{"@id":"https:\/\/grisstudios.cdl-sc.org.br\/?page_id=435#primaryimage"},"image":{"@id":"https:\/\/grisstudios.cdl-sc.org.br\/?page_id=435#primaryimage"},"thumbnailUrl":"https:\/\/grisstudios.cdl-sc.org.br\/wp-content\/uploads\/2024\/05\/shutterstock_2199431761-1.jpg","datePublished":"2023-11-22T11:55:18+00:00","dateModified":"2025-07-11T17:55:59+00:00","breadcrumb":{"@id":"https:\/\/grisstudios.cdl-sc.org.br\/?page_id=435#breadcrumb"},"inLanguage":"pt-BR","potentialAction":[{"@type":"ReadAction","target":["https:\/\/grisstudios.cdl-sc.org.br\/?page_id=435"]}]},{"@type":"ImageObject","inLanguage":"pt-BR","@id":"https:\/\/grisstudios.cdl-sc.org.br\/?page_id=435#primaryimage","url":"https:\/\/grisstudios.cdl-sc.org.br\/wp-content\/uploads\/2024\/05\/shutterstock_2199431761-1.jpg","contentUrl":"https:\/\/grisstudios.cdl-sc.org.br\/wp-content\/uploads\/2024\/05\/shutterstock_2199431761-1.jpg","width":2000,"height":1334},{"@type":"BreadcrumbList","@id":"https:\/\/grisstudios.cdl-sc.org.br\/?page_id=435#breadcrumb","itemListElement":[{"@type":"ListItem","position":1,"name":"In\u00edcio","item":"https:\/\/grisstudios.cdl-sc.org.br\/"},{"@type":"ListItem","position":2,"name":"CDL Jovem"}]},{"@type":"WebSite","@id":"https:\/\/grisstudios.cdl-sc.org.br\/#website","url":"https:\/\/grisstudios.cdl-sc.org.br\/","name":"FCDL\/SC","description":"","publisher":{"@id":"https:\/\/grisstudios.cdl-sc.org.br\/#organization"},"potentialAction":[{"@type":"SearchAction","target":{"@type":"EntryPoint","urlTemplate":"https:\/\/grisstudios.cdl-sc.org.br\/?s={search_term_string}"},"query-input":{"@type":"PropertyValueSpecification","valueRequired":true,"valueName":"search_term_string"}}],"inLanguage":"pt-BR"},{"@type":"Organization","@id":"https:\/\/grisstudios.cdl-sc.org.br\/#organization","name":"FCDL\/SC","url":"https:\/\/grisstudios.cdl-sc.org.br\/","logo":{"@type":"ImageObject","inLanguage":"pt-BR","@id":"https:\/\/grisstudios.cdl-sc.org.br\/#\/schema\/logo\/image\/","url":"https:\/\/grisstudios.cdl-sc.org.br\/wp-content\/uploads\/2023\/11\/Ativo-4@4x.png","contentUrl":"https:\/\/grisstudios.cdl-sc.org.br\/wp-content\/uploads\/2023\/11\/Ativo-4@4x.png","width":516,"height":137,"caption":"FCDL\/SC"},"image":{"@id":"https:\/\/grisstudios.cdl-sc.org.br\/#\/schema\/logo\/image\/"}}]}},"_links":{"self":[{"href":"https:\/\/grisstudios.cdl-sc.org.br\/index.php?rest_route=\/wp\/v2\/pages\/435","targetHints":{"allow":["GET"]}}],"collection":[{"href":"https:\/\/grisstudios.cdl-sc.org.br\/index.php?rest_route=\/wp\/v2\/pages"}],"about":[{"href":"https:\/\/grisstudios.cdl-sc.org.br\/index.php?rest_route=\/wp\/v2\/types\/page"}],"author":[{"embeddable":true,"href":"https:\/\/grisstudios.cdl-sc.org.br\/index.php?rest_route=\/wp\/v2\/users\/6"}],"replies":[{"embeddable":true,"href":"https:\/\/grisstudios.cdl-sc.org.br\/index.php?rest_route=%2Fwp%2Fv2%2Fcomments&post=435"}],"version-history":[{"count":175,"href":"https:\/\/grisstudios.cdl-sc.org.br\/index.php?rest_route=\/wp\/v2\/pages\/435\/revisions"}],"predecessor-version":[{"id":156477,"href":"https:\/\/grisstudios.cdl-sc.org.br\/index.php?rest_route=\/wp\/v2\/pages\/435\/revisions\/156477"}],"wp:attachment":[{"href":"https:\/\/grisstudios.cdl-sc.org.br\/index.php?rest_route=%2Fwp%2Fv2%2Fmedia&parent=435"}],"curies":[{"name":"wp","href":"https:\/\/api.w.org\/{rel}","templated":true}]}}