{"id":438,"date":"2023-11-22T08:55:26","date_gmt":"2023-11-22T11:55:26","guid":{"rendered":"https:\/\/grisstudios.cdl-sc.org.br\/?page_id=438"},"modified":"2024-05-03T09:01:23","modified_gmt":"2024-05-03T12:01:23","slug":"cdl-mulher","status":"publish","type":"page","link":"https:\/\/grisstudios.cdl-sc.org.br\/?page_id=438","title":{"rendered":"CDL Mulher"},"content":{"rendered":"\t\t<div data-elementor-type=\"wp-page\" data-elementor-id=\"438\" class=\"elementor elementor-438\" data-elementor-post-type=\"page\">\n\t\t\t\t<div class=\"elementor-element elementor-element-d245a38 e-flex e-con-boxed e-con e-parent\" data-id=\"d245a38\" data-element_type=\"container\" data-settings=\"{&quot;background_background&quot;:&quot;gradient&quot;}\">\n\t\t\t\t\t<div class=\"e-con-inner\">\n\t\t\t\t<div class=\"elementor-element elementor-element-0f9d6d9 elementor-widget elementor-widget-heading\" data-id=\"0f9d6d9\" data-element_type=\"widget\" data-widget_type=\"heading.default\">\n\t\t\t\t<div class=\"elementor-widget-container\">\n\t\t\t<style>\/*! elementor - v3.23.0 - 05-08-2024 *\/\n.elementor-heading-title{padding:0;margin:0;line-height:1}.elementor-widget-heading .elementor-heading-title[class*=elementor-size-]>a{color:inherit;font-size:inherit;line-height:inherit}.elementor-widget-heading .elementor-heading-title.elementor-size-small{font-size:15px}.elementor-widget-heading .elementor-heading-title.elementor-size-medium{font-size:19px}.elementor-widget-heading .elementor-heading-title.elementor-size-large{font-size:29px}.elementor-widget-heading .elementor-heading-title.elementor-size-xl{font-size:39px}.elementor-widget-heading .elementor-heading-title.elementor-size-xxl{font-size:59px}<\/style><h2 class=\"elementor-heading-title elementor-size-default\">CDL Mulher<\/h2>\t\t<\/div>\n\t\t\t\t<\/div>\n\t\t\t\t\t<\/div>\n\t\t\t\t<\/div>\n\t\t<div class=\"elementor-element elementor-element-96c3cf5 e-con-full e-flex e-con e-parent\" data-id=\"96c3cf5\" data-element_type=\"container\" data-settings=\"{&quot;background_background&quot;:&quot;classic&quot;}\">\n\t\t\t\t<\/div>\n\t\t<div class=\"elementor-element elementor-element-43a6574 e-con-full e-flex e-con e-parent\" data-id=\"43a6574\" data-element_type=\"container\">\n\t\t<div class=\"elementor-element elementor-element-c4501a2 e-con-full e-flex e-con e-child\" data-id=\"c4501a2\" data-element_type=\"container\" data-settings=\"{&quot;background_background&quot;:&quot;classic&quot;}\">\n\t\t\t\t<div class=\"elementor-element elementor-element-3aeb7c9 elementor-widget__width-initial elementor-widget elementor-widget-heading\" data-id=\"3aeb7c9\" data-element_type=\"widget\" data-widget_type=\"heading.default\">\n\t\t\t\t<div class=\"elementor-widget-container\">\n\t\t\t<h2 class=\"elementor-heading-title elementor-size-default\">A FCDL Mulher tem como objetivo unir mulheres empres\u00e1rias para capacitar, praticar o networking e fomentar o empreendedorismo. Um \u00f3rg\u00e3o complementar da Federa\u00e7\u00e3o Catarinense de Dirigentes Lojistas que se soma \u00e0 for\u00e7a feminina do empreendedorismo e empresariado catarinense.<\/h2>\t\t<\/div>\n\t\t\t\t<\/div>\n\t\t\t\t<div class=\"elementor-element elementor-element-727bf7d elementor-widget__width-initial elementor-widget elementor-widget-heading\" data-id=\"727bf7d\" data-element_type=\"widget\" data-widget_type=\"heading.default\">\n\t\t\t\t<div class=\"elementor-widget-container\">\n\t\t\t<h2 class=\"elementor-heading-title elementor-size-default\">Trocar experi\u00eancias e compartilhar conhecimento com mulheres que tamb\u00e9m trabalham por sua independ\u00eancia e sucesso profissional. Assim, a FCDL Mulher se une \u00e0s gestoras e empres\u00e1rias para dialogar, capacitar e despertar um novo olhar para os seus neg\u00f3cios. Associativismo feminino que empodera e traz ainda mais for\u00e7a para o com\u00e9rcio.<\/h2>\t\t<\/div>\n\t\t\t\t<\/div>\n\t\t\t\t<\/div>\n\t\t<div class=\"elementor-element elementor-element-f35f680 e-con-full e-flex e-con e-child\" data-id=\"f35f680\" data-element_type=\"container\">\n\t\t\t\t<div class=\"elementor-element elementor-element-d3ea4cf elementor-widget elementor-widget-image\" data-id=\"d3ea4cf\" data-element_type=\"widget\" data-widget_type=\"image.default\">\n\t\t\t\t<div class=\"elementor-widget-container\">\n\t\t\t<style>\/*! elementor - v3.23.0 - 05-08-2024 *\/\n.elementor-widget-image{text-align:center}.elementor-widget-image a{display:inline-block}.elementor-widget-image a img[src$=\".svg\"]{width:48px}.elementor-widget-image img{vertical-align:middle;display:inline-block}<\/style>\t\t\t\t\t\t\t\t\t\t<img fetchpriority=\"high\" decoding=\"async\" width=\"2500\" height=\"1667\" src=\"https:\/\/grisstudios.cdl-sc.org.br\/wp-content\/uploads\/2023\/12\/shutterstock_1881943864.jpg\" class=\"attachment-full size-full wp-image-7398\" alt=\"\" srcset=\"https:\/\/grisstudios.cdl-sc.org.br\/wp-content\/uploads\/2023\/12\/shutterstock_1881943864.jpg 2500w, https:\/\/grisstudios.cdl-sc.org.br\/wp-content\/uploads\/2023\/12\/shutterstock_1881943864-300x200.jpg 300w, https:\/\/grisstudios.cdl-sc.org.br\/wp-content\/uploads\/2023\/12\/shutterstock_1881943864-1024x683.jpg 1024w, https:\/\/grisstudios.cdl-sc.org.br\/wp-content\/uploads\/2023\/12\/shutterstock_1881943864-768x512.jpg 768w, https:\/\/grisstudios.cdl-sc.org.br\/wp-content\/uploads\/2023\/12\/shutterstock_1881943864-1536x1024.jpg 1536w, https:\/\/grisstudios.cdl-sc.org.br\/wp-content\/uploads\/2023\/12\/shutterstock_1881943864-2048x1366.jpg 2048w\" sizes=\"(max-width: 2500px) 100vw, 2500px\" \/>\t\t\t\t\t\t\t\t\t\t\t\t\t<\/div>\n\t\t\t\t<\/div>\n\t\t\t\t<div class=\"elementor-element elementor-element-c90a1fd elementor-absolute elementor-hidden-mobile elementor-widget elementor-widget-image\" data-id=\"c90a1fd\" data-element_type=\"widget\" data-settings=\"{&quot;_position&quot;:&quot;absolute&quot;}\" data-widget_type=\"image.default\">\n\t\t\t\t<div class=\"elementor-widget-container\">\n\t\t\t\t\t\t\t\t\t\t\t\t\t<img decoding=\"async\" width=\"768\" height=\"1815\" src=\"https:\/\/grisstudios.cdl-sc.org.br\/wp-content\/uploads\/2023\/12\/Ativo-4@4x-1-768x1815.png\" class=\"attachment-medium_large size-medium_large wp-image-2852\" alt=\"\" srcset=\"https:\/\/grisstudios.cdl-sc.org.br\/wp-content\/uploads\/2023\/12\/Ativo-4@4x-1-768x1815.png 768w, https:\/\/grisstudios.cdl-sc.org.br\/wp-content\/uploads\/2023\/12\/Ativo-4@4x-1-127x300.png 127w, https:\/\/grisstudios.cdl-sc.org.br\/wp-content\/uploads\/2023\/12\/Ativo-4@4x-1-433x1024.png 433w, https:\/\/grisstudios.cdl-sc.org.br\/wp-content\/uploads\/2023\/12\/Ativo-4@4x-1-650x1536.png 650w, https:\/\/grisstudios.cdl-sc.org.br\/wp-content\/uploads\/2023\/12\/Ativo-4@4x-1-866x2048.png 866w, https:\/\/grisstudios.cdl-sc.org.br\/wp-content\/uploads\/2023\/12\/Ativo-4@4x-1.png 1705w\" sizes=\"(max-width: 768px) 100vw, 768px\" \/>\t\t\t\t\t\t\t\t\t\t\t\t\t<\/div>\n\t\t\t\t<\/div>\n\t\t\t\t<\/div>\n\t\t\t\t<\/div>\n\t\t\t\t<\/div>\n\t\t","protected":false},"excerpt":{"rendered":"<p>CDL Mulher A FCDL Mulher tem como objetivo unir mulheres empres\u00e1rias para capacitar, praticar o networking e fomentar o empreendedorismo. Um \u00f3rg\u00e3o complementar da Federa\u00e7\u00e3o Catarinense de Dirigentes Lojistas que se soma \u00e0 for\u00e7a feminina do empreendedorismo e empresariado catarinense. Trocar experi\u00eancias e compartilhar conhecimento com mulheres que tamb\u00e9m trabalham por sua independ\u00eancia e sucesso [&hellip;]<\/p>\n","protected":false},"author":6,"featured_media":0,"parent":0,"menu_order":0,"comment_status":"closed","ping_status":"closed","template":"elementor_header_footer","meta":{"_joinchat":[],"footnotes":""},"class_list":["post-438","page","type-page","status-publish","hentry"],"acf":[],"yoast_head":"<!-- This site is optimized with the Yoast SEO plugin v23.6 - https:\/\/yoast.com\/wordpress\/plugins\/seo\/ -->\n<title>CDL Mulher - FCDL\/SC<\/title>\n<meta name=\"robots\" content=\"index, follow, max-snippet:-1, max-image-preview:large, max-video-preview:-1\" \/>\n<link rel=\"canonical\" href=\"https:\/\/grisstudios.cdl-sc.org.br\/?page_id=438\" \/>\n<meta property=\"og:locale\" content=\"pt_BR\" \/>\n<meta property=\"og:type\" content=\"article\" \/>\n<meta property=\"og:title\" content=\"CDL Mulher - FCDL\/SC\" \/>\n<meta property=\"og:description\" content=\"CDL Mulher A FCDL Mulher tem como objetivo unir mulheres empres\u00e1rias para capacitar, praticar o networking e fomentar o empreendedorismo. Um \u00f3rg\u00e3o complementar da Federa\u00e7\u00e3o Catarinense de Dirigentes Lojistas que se soma \u00e0 for\u00e7a feminina do empreendedorismo e empresariado catarinense. Trocar experi\u00eancias e compartilhar conhecimento com mulheres que tamb\u00e9m trabalham por sua independ\u00eancia e sucesso [&hellip;]\" \/>\n<meta property=\"og:url\" content=\"https:\/\/grisstudios.cdl-sc.org.br\/?page_id=438\" \/>\n<meta property=\"og:site_name\" content=\"FCDL\/SC\" \/>\n<meta property=\"article:modified_time\" content=\"2024-05-03T12:01:23+00:00\" \/>\n<meta property=\"og:image\" content=\"https:\/\/grisstudios.cdl-sc.org.br\/wp-content\/uploads\/2023\/12\/shutterstock_1881943864.jpg\" \/>\n<meta name=\"twitter:card\" content=\"summary_large_image\" \/>\n<meta name=\"twitter:label1\" content=\"Est. tempo de leitura\" \/>\n\t<meta name=\"twitter:data1\" content=\"1 minuto\" \/>\n<script type=\"application\/ld+json\" class=\"yoast-schema-graph\">{\"@context\":\"https:\/\/schema.org\",\"@graph\":[{\"@type\":\"WebPage\",\"@id\":\"https:\/\/grisstudios.cdl-sc.org.br\/?page_id=438\",\"url\":\"https:\/\/grisstudios.cdl-sc.org.br\/?page_id=438\",\"name\":\"CDL Mulher - FCDL\/SC\",\"isPartOf\":{\"@id\":\"https:\/\/grisstudios.cdl-sc.org.br\/#website\"},\"primaryImageOfPage\":{\"@id\":\"https:\/\/grisstudios.cdl-sc.org.br\/?page_id=438#primaryimage\"},\"image\":{\"@id\":\"https:\/\/grisstudios.cdl-sc.org.br\/?page_id=438#primaryimage\"},\"thumbnailUrl\":\"https:\/\/grisstudios.cdl-sc.org.br\/wp-content\/uploads\/2023\/12\/shutterstock_1881943864.jpg\",\"datePublished\":\"2023-11-22T11:55:26+00:00\",\"dateModified\":\"2024-05-03T12:01:23+00:00\",\"breadcrumb\":{\"@id\":\"https:\/\/grisstudios.cdl-sc.org.br\/?page_id=438#breadcrumb\"},\"inLanguage\":\"pt-BR\",\"potentialAction\":[{\"@type\":\"ReadAction\",\"target\":[\"https:\/\/grisstudios.cdl-sc.org.br\/?page_id=438\"]}]},{\"@type\":\"ImageObject\",\"inLanguage\":\"pt-BR\",\"@id\":\"https:\/\/grisstudios.cdl-sc.org.br\/?page_id=438#primaryimage\",\"url\":\"https:\/\/grisstudios.cdl-sc.org.br\/wp-content\/uploads\/2023\/12\/shutterstock_1881943864.jpg\",\"contentUrl\":\"https:\/\/grisstudios.cdl-sc.org.br\/wp-content\/uploads\/2023\/12\/shutterstock_1881943864.jpg\",\"width\":2500,\"height\":1667},{\"@type\":\"BreadcrumbList\",\"@id\":\"https:\/\/grisstudios.cdl-sc.org.br\/?page_id=438#breadcrumb\",\"itemListElement\":[{\"@type\":\"ListItem\",\"position\":1,\"name\":\"In\u00edcio\",\"item\":\"https:\/\/grisstudios.cdl-sc.org.br\/\"},{\"@type\":\"ListItem\",\"position\":2,\"name\":\"CDL Mulher\"}]},{\"@type\":\"WebSite\",\"@id\":\"https:\/\/grisstudios.cdl-sc.org.br\/#website\",\"url\":\"https:\/\/grisstudios.cdl-sc.org.br\/\",\"name\":\"FCDL\/SC\",\"description\":\"\",\"publisher\":{\"@id\":\"https:\/\/grisstudios.cdl-sc.org.br\/#organization\"},\"potentialAction\":[{\"@type\":\"SearchAction\",\"target\":{\"@type\":\"EntryPoint\",\"urlTemplate\":\"https:\/\/grisstudios.cdl-sc.org.br\/?s={search_term_string}\"},\"query-input\":{\"@type\":\"PropertyValueSpecification\",\"valueRequired\":true,\"valueName\":\"search_term_string\"}}],\"inLanguage\":\"pt-BR\"},{\"@type\":\"Organization\",\"@id\":\"https:\/\/grisstudios.cdl-sc.org.br\/#organization\",\"name\":\"FCDL\/SC\",\"url\":\"https:\/\/grisstudios.cdl-sc.org.br\/\",\"logo\":{\"@type\":\"ImageObject\",\"inLanguage\":\"pt-BR\",\"@id\":\"https:\/\/grisstudios.cdl-sc.org.br\/#\/schema\/logo\/image\/\",\"url\":\"https:\/\/grisstudios.cdl-sc.org.br\/wp-content\/uploads\/2023\/11\/Ativo-4@4x.png\",\"contentUrl\":\"https:\/\/grisstudios.cdl-sc.org.br\/wp-content\/uploads\/2023\/11\/Ativo-4@4x.png\",\"width\":516,\"height\":137,\"caption\":\"FCDL\/SC\"},\"image\":{\"@id\":\"https:\/\/grisstudios.cdl-sc.org.br\/#\/schema\/logo\/image\/\"}}]}<\/script>\n<!-- \/ Yoast SEO plugin. -->","yoast_head_json":{"title":"CDL Mulher - FCDL\/SC","robots":{"index":"index","follow":"follow","max-snippet":"max-snippet:-1","max-image-preview":"max-image-preview:large","max-video-preview":"max-video-preview:-1"},"canonical":"https:\/\/grisstudios.cdl-sc.org.br\/?page_id=438","og_locale":"pt_BR","og_type":"article","og_title":"CDL Mulher - FCDL\/SC","og_description":"CDL Mulher A FCDL Mulher tem como objetivo unir mulheres empres\u00e1rias para capacitar, praticar o networking e fomentar o empreendedorismo. Um \u00f3rg\u00e3o complementar da Federa\u00e7\u00e3o Catarinense de Dirigentes Lojistas que se soma \u00e0 for\u00e7a feminina do empreendedorismo e empresariado catarinense. Trocar experi\u00eancias e compartilhar conhecimento com mulheres que tamb\u00e9m trabalham por sua independ\u00eancia e sucesso [&hellip;]","og_url":"https:\/\/grisstudios.cdl-sc.org.br\/?page_id=438","og_site_name":"FCDL\/SC","article_modified_time":"2024-05-03T12:01:23+00:00","og_image":[{"url":"https:\/\/grisstudios.cdl-sc.org.br\/wp-content\/uploads\/2023\/12\/shutterstock_1881943864.jpg"}],"twitter_card":"summary_large_image","twitter_misc":{"Est. tempo de leitura":"1 minuto"},"schema":{"@context":"https:\/\/schema.org","@graph":[{"@type":"WebPage","@id":"https:\/\/grisstudios.cdl-sc.org.br\/?page_id=438","url":"https:\/\/grisstudios.cdl-sc.org.br\/?page_id=438","name":"CDL Mulher - FCDL\/SC","isPartOf":{"@id":"https:\/\/grisstudios.cdl-sc.org.br\/#website"},"primaryImageOfPage":{"@id":"https:\/\/grisstudios.cdl-sc.org.br\/?page_id=438#primaryimage"},"image":{"@id":"https:\/\/grisstudios.cdl-sc.org.br\/?page_id=438#primaryimage"},"thumbnailUrl":"https:\/\/grisstudios.cdl-sc.org.br\/wp-content\/uploads\/2023\/12\/shutterstock_1881943864.jpg","datePublished":"2023-11-22T11:55:26+00:00","dateModified":"2024-05-03T12:01:23+00:00","breadcrumb":{"@id":"https:\/\/grisstudios.cdl-sc.org.br\/?page_id=438#breadcrumb"},"inLanguage":"pt-BR","potentialAction":[{"@type":"ReadAction","target":["https:\/\/grisstudios.cdl-sc.org.br\/?page_id=438"]}]},{"@type":"ImageObject","inLanguage":"pt-BR","@id":"https:\/\/grisstudios.cdl-sc.org.br\/?page_id=438#primaryimage","url":"https:\/\/grisstudios.cdl-sc.org.br\/wp-content\/uploads\/2023\/12\/shutterstock_1881943864.jpg","contentUrl":"https:\/\/grisstudios.cdl-sc.org.br\/wp-content\/uploads\/2023\/12\/shutterstock_1881943864.jpg","width":2500,"height":1667},{"@type":"BreadcrumbList","@id":"https:\/\/grisstudios.cdl-sc.org.br\/?page_id=438#breadcrumb","itemListElement":[{"@type":"ListItem","position":1,"name":"In\u00edcio","item":"https:\/\/grisstudios.cdl-sc.org.br\/"},{"@type":"ListItem","position":2,"name":"CDL Mulher"}]},{"@type":"WebSite","@id":"https:\/\/grisstudios.cdl-sc.org.br\/#website","url":"https:\/\/grisstudios.cdl-sc.org.br\/","name":"FCDL\/SC","description":"","publisher":{"@id":"https:\/\/grisstudios.cdl-sc.org.br\/#organization"},"potentialAction":[{"@type":"SearchAction","target":{"@type":"EntryPoint","urlTemplate":"https:\/\/grisstudios.cdl-sc.org.br\/?s={search_term_string}"},"query-input":{"@type":"PropertyValueSpecification","valueRequired":true,"valueName":"search_term_string"}}],"inLanguage":"pt-BR"},{"@type":"Organization","@id":"https:\/\/grisstudios.cdl-sc.org.br\/#organization","name":"FCDL\/SC","url":"https:\/\/grisstudios.cdl-sc.org.br\/","logo":{"@type":"ImageObject","inLanguage":"pt-BR","@id":"https:\/\/grisstudios.cdl-sc.org.br\/#\/schema\/logo\/image\/","url":"https:\/\/grisstudios.cdl-sc.org.br\/wp-content\/uploads\/2023\/11\/Ativo-4@4x.png","contentUrl":"https:\/\/grisstudios.cdl-sc.org.br\/wp-content\/uploads\/2023\/11\/Ativo-4@4x.png","width":516,"height":137,"caption":"FCDL\/SC"},"image":{"@id":"https:\/\/grisstudios.cdl-sc.org.br\/#\/schema\/logo\/image\/"}}]}},"_links":{"self":[{"href":"https:\/\/grisstudios.cdl-sc.org.br\/index.php?rest_route=\/wp\/v2\/pages\/438","targetHints":{"allow":["GET"]}}],"collection":[{"href":"https:\/\/grisstudios.cdl-sc.org.br\/index.php?rest_route=\/wp\/v2\/pages"}],"about":[{"href":"https:\/\/grisstudios.cdl-sc.org.br\/index.php?rest_route=\/wp\/v2\/types\/page"}],"author":[{"embeddable":true,"href":"https:\/\/grisstudios.cdl-sc.org.br\/index.php?rest_route=\/wp\/v2\/users\/6"}],"replies":[{"embeddable":true,"href":"https:\/\/grisstudios.cdl-sc.org.br\/index.php?rest_route=%2Fwp%2Fv2%2Fcomments&post=438"}],"version-history":[{"count":61,"href":"https:\/\/grisstudios.cdl-sc.org.br\/index.php?rest_route=\/wp\/v2\/pages\/438\/revisions"}],"predecessor-version":[{"id":152410,"href":"https:\/\/grisstudios.cdl-sc.org.br\/index.php?rest_route=\/wp\/v2\/pages\/438\/revisions\/152410"}],"wp:attachment":[{"href":"https:\/\/grisstudios.cdl-sc.org.br\/index.php?rest_route=%2Fwp%2Fv2%2Fmedia&parent=438"}],"curies":[{"name":"wp","href":"https:\/\/api.w.org\/{rel}","templated":true}]}}